{"id":40,"date":"2019-09-30T09:49:26","date_gmt":"2019-09-30T07:49:26","guid":{"rendered":"http:\/\/practiques-qes.recursos.uoc.edu\/centres-de-practiques\/?page_id=40"},"modified":"2019-10-17T12:48:48","modified_gmt":"2019-10-17T10:48:48","slug":"introduccio","status":"publish","type":"page","link":"http:\/\/practiques-qes.recursos.uoc.edu\/preguntes-frequents\/","title":{"rendered":"Preguntes freq\u00fcents: Q&#038;A"},"content":{"rendered":"<p>Vegeu <a href=\"https:\/\/www.uoc.edu\/portal\/ca\/universitat\/serveis\/practiques-mobilitat\/faqs\/index.html\" target=\"_blank\" rel=\"noopener noreferrer\">https:\/\/www.uoc.edu\/portal\/ca\/universitat\/serveis\/practiques-mobilitat\/faqs\/index.html<\/a><\/p>\n<h2>Sobre els centres de pr\u00e0ctiques:<\/h2>\n<table width=\"633\">\n<tbody>\n<tr>\n<td style=\"background-color: #d0d0d0; color: #000873;\" width=\"198\"><strong>Com puc saber quins centres ofereixen pr\u00e0ctiques?<\/strong><\/td>\n<td width=\"435\">\n<p class=\"p1\">Tots els centres s\u2019anuncien en <b>l<\/b><a href=\"http:\/\/www.uoc.edu\/experience\/y\/login_page\" target=\"_blank\" rel=\"noopener noreferrer\"><span class=\"s1\"><b>\u2019eina Experience<\/b><\/span><\/a><span class=\"s2\">.<\/span><\/p>\n<\/td>\n<\/tr>\n<tr>\n<td style=\"background-color: #d0d0d0; color: #000873;\" width=\"198\"><strong>Puc escollir centre de pr\u00e0ctiques?<\/strong><\/td>\n<td width=\"435\">\n<p class=\"p1\">Tal com trobar\u00e0s en l\u2019apartat <a href=\"http:\/\/practiques-qes.recursos.uoc.edu\/guia-per-als-estudiants-de-practiques-professionals\/4-proces-i-procediment\/\" target=\"_blank\" rel=\"noopener noreferrer\"><b>sobre el proc\u00e9s i el procediment<\/b><\/a>, tens dues opcions:<\/p>\n<p class=\"p1\">a) Proposar un centre de pr\u00e0ctiques: en aquest cas, el centre de pr\u00e0ctiques s\u2019ha de donar d\u2019alta en l\u2019eina Experience i crear una oferta. T\u2019haur\u00e0s d\u2019assignar com a persona candidata a la pla\u00e7a creada indicant el seu nom. El centre ser\u00e0 validat per a tutora;<\/p>\n<p class=\"p1\">b) o escollir un centre d\u2019entre els que ofereixen pr\u00e0ctiques: en el cas de triar un centre ja proposat per la UOC , si hi ha m\u00e9s d\u2019un alumne, la tutora escollir\u00e0 l\u2019alumne m\u00e9s adient.<b> <\/b><\/p>\n<\/td>\n<\/tr>\n<tr>\n<td style=\"background-color: #d0d0d0; color: #000873;\" width=\"198\"><strong>Puc canviar de centre un cop assignat?<\/strong><\/td>\n<td width=\"435\">\n<p class=\"p1\">Si hi ha motius justificats<span class=\"s1\">,<\/span> s\u00ed que pots canviar de centre. Ara b\u00e9, caldria que aquest canvi es fes tan aviat com sigui possible i pr\u00e8viament a la primera Prova d\u2019Avaluaci\u00f3 Continuada (o PAC) de l\u2019assignatura.<\/p>\n<\/td>\n<\/tr>\n<tr>\n<td style=\"background-color: #d0d0d0; color: #000873;\" width=\"198\"><strong>Qui em comunicar\u00e0 que m\u2019han assignat centre o m\u2019han acceptat? Com?<\/strong><\/td>\n<td width=\"435\">\n<p class=\"p1\">Les comunicacions respecte a tot el procediment d\u2019inscripci\u00f3, sol\u00b7licitud d&#8217;oferta, assignaci\u00f3 i proc\u00e9s de selecci\u00f3 de l\u2019alumnat al centre de pr\u00e0ctiques es realitzar\u00e0 a trav\u00e9s de <a href=\"http:\/\/www.uoc.edu\/experience\/y\/login_page\" target=\"_blank\" rel=\"noopener noreferrer\"><b>l\u2019eina Experience<\/b><\/a><span class=\"s1\">.<\/span><\/p>\n<p class=\"p1\">Recorda, per\u00f2, que per a qualsevol consulta, dubte o aclariment la tutora o el tutor del m\u00e0ster ser\u00e0 la persona de refer\u00e8ncia.<\/p>\n<\/td>\n<\/tr>\n<\/tbody>\n<\/table>\n<h2>Sobre l\u2019assignatura de Pr\u00e0ctiques:<\/h2>\n<table width=\"633\">\n<tbody>\n<tr>\n<td style=\"background-color: #dbdbdb; color: #000873;\" width=\"198\"><strong>Quan puc portar les pr\u00e0ctiques a terme?<\/strong><\/td>\n<td width=\"435\">\n<p class=\"p1\">En qualsevol moment<span class=\"s1\">,<\/span> per\u00f2 un cop s\u2019hagin assolit 12 cr\u00e8dits del \u00e0ster.<\/p>\n<\/td>\n<\/tr>\n<tr>\n<td style=\"background-color: #dbdbdb; color: #000873;\" width=\"198\"><strong>Quins tr\u00e0mits he de fer si vull fer pr\u00e0ctiques?<\/strong><\/td>\n<td width=\"435\">\n<p class=\"p1\">Per a obtenir informaci\u00f3 respecte a aix\u00f2, v\u00e9s a l\u2019apartat <b>\u201c<a href=\"http:\/\/practiques-qes.recursos.uoc.edu\/guia-per-als-estudiants-de-practiques-professionals\/4-proces-i-procediment\/\" target=\"_blank\" rel=\"noopener noreferrer\">Proc\u00e9s i procediment<\/a>\u201d<\/b> de la \u201c<b><a href=\"http:\/\/practiques-qes.recursos.uoc.edu\/guia-per-als-estudiants-de-practiques-professionals\/\" target=\"_blank\" rel=\"noopener noreferrer\">Guia per als i les estudiants de pr\u00e0ctiques<\/a>\u201d<\/b><span class=\"s1\">.<\/span><\/p>\n<\/td>\n<\/tr>\n<tr>\n<td style=\"background-color: #dbdbdb; color: #000873;\" width=\"198\"><strong>Qui prepara el conveni? <\/strong><\/td>\n<td width=\"435\">\n<p class=\"p1\">L&#8217;acord per a la realitzaci\u00f3 de les pr\u00e0ctiques es formalitza mitjan\u00e7ant un conveni de cooperaci\u00f3 educativa entre la Universitat i el centre de pr\u00e0ctiques, o b\u00e9 mitjan\u00e7ant un protocol d\u2019adhesi\u00f3 (en cas que ja hi hagi un conveni marc amb l\u2019empresa). Les pr\u00e0ctiques no es poden comen\u00e7ar fins que aquest conveni no hagi estat signat per totes les parts. D\u2019aquesta manera, la UOC \u00e9s qui prepara el conveni.<\/p>\n<\/td>\n<\/tr>\n<tr>\n<td style=\"background-color: #dbdbdb; color: #000873;\" width=\"198\"><strong>Qui escull la tem\u00e0tica o les tasques que s\u2019han de realitzar al centre de pr\u00e0ctiques?<\/strong><\/td>\n<td width=\"435\">\n<p class=\"p1\">La tem\u00e0tica estar\u00e0 molt relacionada amb la tasca i els objectius del centre, per\u00f2 el tutor del centre i tu la podreu pactar<span class=\"s1\">.<\/span><\/p>\n<p class=\"p1\">Per a obtenir m\u00e9s informaci\u00f3 sobre aix\u00f2 pots consultar l\u2019apartat \u201c<b><a href=\"http:\/\/practiques-qes.recursos.uoc.edu\/guia-per-als-estudiants-de-practiques-professionals\/9-descripcio-general-de-les-activitats\/\" target=\"_blank\" rel=\"noopener noreferrer\">9. Descripci\u00f3 general de les activitats<\/a>\u201d<\/b><span class=\"s1\">.<\/span><\/p>\n<\/td>\n<\/tr>\n<tr>\n<td style=\"background-color: #dbdbdb; color: #000873;\" width=\"198\"><strong>Es pot recon\u00e8ixer la meva experi\u00e8ncia laboral pr\u00e8via? Qu\u00e8 he de fer?<\/strong><strong>\u00a0<\/strong><\/td>\n<td width=\"435\">\n<p class=\"p1\">S\u00ed, v\u00e9s a l\u2019apartat de <b>\u201c<a href=\"http:\/\/practiques-qes.recursos.uoc.edu\/guia-per-als-estudiants-de-practiques-professionals\/5-criteris-reconeixements-experiencia-professional\/\" target=\"_blank\" rel=\"noopener noreferrer\">Convalidaci\u00f3 de l\u2019experi\u00e8ncia professional<\/a>\u201d <\/b>de la \u201c<b><a href=\"http:\/\/practiques-qes.recursos.uoc.edu\/guia-per-als-estudiants-de-practiques-professionals\/\" target=\"_blank\" rel=\"noopener noreferrer\">Guia per als i les estudiants de pr\u00e0ctiques<\/a>\u201d<\/b>.<\/p>\n<\/td>\n<\/tr>\n<tr>\n<td style=\"background-color: #dbdbdb; color: #000873;\" width=\"198\"><strong>Les pr\u00e0ctiques poden ser virtuals?<\/strong><\/td>\n<td width=\"435\">\n<p class=\"p1\">No. Hi ha 75 hores presencials al centre. Recorda, per\u00f2, que aquestes hores presencials al centre no cal realitzar-les de manera continuada, sin\u00f3 que es poden establir diferents configuracions que l\u2019estudiant i la tutoria del centre pactin, per exemple, setmanes o dies alterns.<\/p>\n<\/td>\n<\/tr>\n<tr>\n<td style=\"background-color: #dbdbdb; color: #000873;\" width=\"198\"><strong>Puc pactar amb el centre els horaris o el calendari de treball?<\/strong><\/td>\n<td width=\"435\">\n<p class=\"p1\">S\u00ed. \u00c9s m\u00e9s: et recomanen que el centre i tu arribeu a un acord per buscar-ne les millors opcions<span class=\"s1\">.<\/span><\/p>\n<p class=\"p1\">Recorda que les hores de pr\u00e0ctiques presencials es duen a terme els dies i en els horaris pactats entre el centre i tu, sempre al llarg del calendari lectiu del semestre i \u00e9s per aquest motiu que no es contempla la possibilitat d\u2019organitzar pr\u00e0ctiques fora del per\u00edode lectiu o fer pr\u00e0ctiques a l\u2019estiu, per exemple.<\/p>\n<\/td>\n<\/tr>\n<tr>\n<td style=\"background-color: #dbdbdb; color: #000873;\" width=\"198\"><strong>Cal que vagi al centre de pr\u00e0ctiques?<\/strong><\/td>\n<td width=\"435\">\n<p class=\"p1\">S\u00ed, una part de les 150 de l\u2019assignatura s\u00f3n presencials al centre. Per\u00f2 recorda que no cal realitzar-les de manera continuada<span class=\"s1\">,<\/span> sin\u00f3 que es poden establir diferents configuracions que l\u2019estudiant i la tutoria del centre pactin, per exemple, setmanes o dies alterns i quedaran expl\u00edcites en el pla de treball individualitzat<span class=\"s1\">.<\/span><\/p>\n<\/td>\n<\/tr>\n<\/tbody>\n<\/table>\n","protected":false},"excerpt":{"rendered":"<p>Vegeu https:\/\/www.uoc.edu\/portal\/ca\/universitat\/serveis\/practiques-mobilitat\/faqs\/index.html Sobre els centres de pr\u00e0ctiques: Com puc saber quins centres ofereixen pr\u00e0ctiques? Tots els centres s\u2019anuncien en l\u2019eina Experience. Puc escollir centre de pr\u00e0ctiques? Tal com trobar\u00e0s en l\u2019apartat sobre el proc\u00e9s i el procediment, tens dues opcions: a) Proposar un centre de pr\u00e0ctiques: en aquest cas, el centre de pr\u00e0ctiques s\u2019ha de [&hellip;]<\/p>\n","protected":false},"author":1,"featured_media":0,"parent":0,"menu_order":0,"comment_status":"closed","ping_status":"closed","template":"","meta":[],"_links":{"self":[{"href":"http:\/\/practiques-qes.recursos.uoc.edu\/preguntes-frequents\/wp-json\/wp\/v2\/pages\/40"}],"collection":[{"href":"http:\/\/practiques-qes.recursos.uoc.edu\/preguntes-frequents\/wp-json\/wp\/v2\/pages"}],"about":[{"href":"http:\/\/practiques-qes.recursos.uoc.edu\/preguntes-frequents\/wp-json\/wp\/v2\/types\/page"}],"author":[{"embeddable":true,"href":"http:\/\/practiques-qes.recursos.uoc.edu\/preguntes-frequents\/wp-json\/wp\/v2\/users\/1"}],"replies":[{"embeddable":true,"href":"http:\/\/practiques-qes.recursos.uoc.edu\/preguntes-frequents\/wp-json\/wp\/v2\/comments?post=40"}],"version-history":[{"count":9,"href":"http:\/\/practiques-qes.recursos.uoc.edu\/preguntes-frequents\/wp-json\/wp\/v2\/pages\/40\/revisions"}],"predecessor-version":[{"id":56,"href":"http:\/\/practiques-qes.recursos.uoc.edu\/preguntes-frequents\/wp-json\/wp\/v2\/pages\/40\/revisions\/56"}],"wp:attachment":[{"href":"http:\/\/practiques-qes.recursos.uoc.edu\/preguntes-frequents\/wp-json\/wp\/v2\/media?parent=40"}],"curies":[{"name":"wp","href":"https:\/\/api.w.org\/{rel}","templated":true}]}}