{"id":43,"date":"2019-08-14T11:47:30","date_gmt":"2019-08-14T09:47:30","guid":{"rendered":"http:\/\/practiques-qes.recursos.uoc.edu\/guia-per-als-tutors-de-practiques-professionals\/?page_id=43"},"modified":"2019-11-06T11:52:55","modified_gmt":"2019-11-06T09:52:55","slug":"6-descripcio-general-de-les-activitats","status":"publish","type":"page","link":"http:\/\/practiques-qes.recursos.uoc.edu\/guia-per-als-tutors-de-practiques-professionals\/6-descripcio-general-de-les-activitats\/","title":{"rendered":"6. Descripci\u00f3 general de les activitats"},"content":{"rendered":"<p>Les activitats s\u00f3n tasques espec\u00edfiques amb les quals es pret\u00e9n que l\u2019estudiant demostri la feina realitzada al centre i, per tant, la seva capacitaci\u00f3 en l\u2019exercici de la tasca professional. Les activitats de l\u2019assignatura de Pr\u00e0ctiques es divideixen en dos grups: les activitats presencials i les activitats virtuals. En aquesta part de guia per la tutora o el tutor de centre, detallarem les activitats presencials que es porten a terme al centre de pr\u00e0ctiques.<\/p>\n<p><strong>Les activitats presencials (al centre de pr\u00e0ctiques):<\/strong><\/p>\n<p>S\u00f3n les activitats que es fan al centre de pr\u00e0ctiques. La tipologia de tasques pot ser molt diversa segons les funcions del tutor o de la tutora i les caracter\u00edstiques del centre de pr\u00e0ctiques. En l\u00ednies generals, les activitats inclouen, entre d\u2019altres, el seg\u00fcent:<\/p>\n<ul>\n<li><strong>Tasques de cerca d\u2019informaci\u00f3<\/strong> que permetin contextualitzar i descriure el centre pel que fa a les caracter\u00edstiques i l\u2019organitzaci\u00f3. Es tracta de fer una aproximaci\u00f3 tan real com sigui possible al funcionament del centre (m\u00e9s enll\u00e0 del que es diu en la documentaci\u00f3 oficial), a la seva din\u00e0mica i al coneixement dels programes i activitats que s\u2019hi porten a terme.<\/li>\n<li><strong>Tasques de fonamentaci\u00f3<\/strong>, \u00e9s a dir, basades en l\u2019estudi te\u00f2ric dels processos de gesti\u00f3 i avaluaci\u00f3 de la qualitat.<\/li>\n<li><strong>Tasques d\u2019observaci\u00f3 i an\u00e0lisi<\/strong> dels processos de gesti\u00f3 i avaluaci\u00f3 de la qualitat.<\/li>\n<li><strong>Tasques de proposta i planificaci\u00f3<\/strong> d\u2019un circuit o model d\u2019avaluaci\u00f3 de la qualitat.<\/li>\n<li><strong>Tasques de disseny, elaboraci\u00f3 i validaci\u00f3<\/strong> d\u2019un o m\u00e9s instruments per a l\u2019avaluaci\u00f3 de la qualitat.<\/li>\n<\/ul>\n<p>Com es pot veure, el ventall de tasques possibles \u00e9s molt ampli i s\u2019acaben concretant tant amb el professorat col\u00b7laborador com amb la tutoria de pr\u00e0ctiques per mitj\u00e0 del pla de treball individualitzat.<\/p>\n","protected":false},"excerpt":{"rendered":"<p>Les activitats s\u00f3n tasques espec\u00edfiques amb les quals es pret\u00e9n que l\u2019estudiant demostri la feina realitzada al centre i, per tant, la seva capacitaci\u00f3 en l\u2019exercici de la tasca professional. Les activitats de l\u2019assignatura de Pr\u00e0ctiques es divideixen en dos grups: les activitats presencials i les activitats virtuals. En aquesta part de guia per la [&hellip;]<\/p>\n","protected":false},"author":1,"featured_media":0,"parent":0,"menu_order":0,"comment_status":"closed","ping_status":"closed","template":"","meta":[],"_links":{"self":[{"href":"http:\/\/practiques-qes.recursos.uoc.edu\/guia-per-als-tutors-de-practiques-professionals\/wp-json\/wp\/v2\/pages\/43"}],"collection":[{"href":"http:\/\/practiques-qes.recursos.uoc.edu\/guia-per-als-tutors-de-practiques-professionals\/wp-json\/wp\/v2\/pages"}],"about":[{"href":"http:\/\/practiques-qes.recursos.uoc.edu\/guia-per-als-tutors-de-practiques-professionals\/wp-json\/wp\/v2\/types\/page"}],"author":[{"embeddable":true,"href":"http:\/\/practiques-qes.recursos.uoc.edu\/guia-per-als-tutors-de-practiques-professionals\/wp-json\/wp\/v2\/users\/1"}],"replies":[{"embeddable":true,"href":"http:\/\/practiques-qes.recursos.uoc.edu\/guia-per-als-tutors-de-practiques-professionals\/wp-json\/wp\/v2\/comments?post=43"}],"version-history":[{"count":3,"href":"http:\/\/practiques-qes.recursos.uoc.edu\/guia-per-als-tutors-de-practiques-professionals\/wp-json\/wp\/v2\/pages\/43\/revisions"}],"predecessor-version":[{"id":108,"href":"http:\/\/practiques-qes.recursos.uoc.edu\/guia-per-als-tutors-de-practiques-professionals\/wp-json\/wp\/v2\/pages\/43\/revisions\/108"}],"wp:attachment":[{"href":"http:\/\/practiques-qes.recursos.uoc.edu\/guia-per-als-tutors-de-practiques-professionals\/wp-json\/wp\/v2\/media?parent=43"}],"curies":[{"name":"wp","href":"https:\/\/api.w.org\/{rel}","templated":true}]}}