{"id":40,"date":"2019-08-14T11:46:49","date_gmt":"2019-08-14T09:46:49","guid":{"rendered":"http:\/\/practiques-qes.recursos.uoc.edu\/guia-per-als-tutors-de-practiques-professionals\/?page_id=40"},"modified":"2019-10-17T09:52:28","modified_gmt":"2019-10-17T07:52:28","slug":"3-funcions-del-tutor-de-centre","status":"publish","type":"page","link":"http:\/\/practiques-qes.recursos.uoc.edu\/guia-per-als-tutors-de-practiques-professionals\/3-funcions-del-tutor-de-centre\/","title":{"rendered":"3. Funcions del tutor o tutora de centre"},"content":{"rendered":"<p>La tutora o el tutor de centre \u00e9s la persona del centre de pr\u00e0ctiques que acull l\u2019estudiant i l\u2019orienta pel que fa al context espec\u00edfic del centre, el col\u00b7lectiu i les din\u00e0miques i activitats que ha de portar a terme durant l\u2019estada a la instituci\u00f3.<\/p>\n<p>El tutor o la tutora del centre de les pr\u00e0ctiques ha de ser una persona professional vinculada a la instituci\u00f3 on es fan les pr\u00e0ctiques. Es responsabilitza de l\u2019estada presencial de l\u2019estudiant i, per tant, de facilitar l\u2019aprofitament que l\u2019estudiant en pugui fer. En aquest sentit, la tutoria de pr\u00e0ctiques haur\u00e0 de disposar de temps suficient per guiar l\u2019estudiant durant l\u2019estada al centre.<\/p>\n<p>El tutor o la tutora de centre t\u00e9 b\u00e0sicament tres funcions:<\/p>\n<ol>\n<li><strong>Acompanyament de l\u2019estudiant durant l\u2019estada:<\/strong>\n<ul>\n<li>Acollir l\u2019estudiant en el marc de la instituci\u00f3 on es faran les pr\u00e0ctiques.<\/li>\n<li>Explicar la missi\u00f3 del centre i el servei espec\u00edfic, com tamb\u00e9 el funcionament.<\/li>\n<li>Resoldre els dubtes que vagin sorgint durant l\u2019estada.<\/li>\n<li>Facilitar els recursos i\/o materials necessaris per a que l\u2019estudiant desenvolupi la seva tasca.<\/li>\n<\/ul>\n<\/li>\n<li><strong>Facilitaci\u00f3 de la participaci\u00f3 de l\u2019estudiant en la din\u00e0mica del centre:<\/strong>\n<ul>\n<li>Facilitar el contacte de l\u2019estudiant amb altres persones de l\u2019organitzaci\u00f3 a fi que pugui desenvolupar les pr\u00e0ctiques amb \u00e8xit. En funci\u00f3 de les tasques, l\u2019estudiant podr\u00e0 assistir en persona i amb el rol d\u2019observador a reunions internes o externes per con\u00e8ixer la realitat de l\u2019organitzaci\u00f3.<\/li>\n<li>Donar suport a l\u2019estudiant en la detecci\u00f3 de necessitats i l\u2019adequaci\u00f3 del disseny i del desenvolupament del projecte al context concret. Aquest acompanyament es fa de manera coordinada amb el personal docent col\u00b7laborador de l&#8217;assignatura.<\/li>\n<\/ul>\n<\/li>\n<li><strong>Participaci\u00f3 en l\u2019avaluaci\u00f3 de les pr\u00e0ctiques de l\u2019estudiant:<\/strong>\n<ul>\n<li>Al final del per\u00edode de pr\u00e0ctiques, la tutoria de centre fa una valoraci\u00f3 de l\u2019estada de l\u2019estudiant. Els aspectes concrets que ha de valorar s\u00f3n els que inclou la plantilla disponible en el document model d\u2019informe d\u2019avaluaci\u00f3 final disponible en aquesta <em>Guia<\/em>.<\/li>\n<\/ul>\n<\/li>\n<\/ol>\n<div class=\"featured featured-blue\"><p><strong>Al final de la seva tasca, el professional que ha exercit com a tutor de centre rep un certificat de la universitat en el qual s\u2019acredita aquesta funci\u00f3.<\/strong><\/p>\n<\/div>\n","protected":false},"excerpt":{"rendered":"<p>La tutora o el tutor de centre \u00e9s la persona del centre de pr\u00e0ctiques que acull l\u2019estudiant i l\u2019orienta pel que fa al context espec\u00edfic del centre, el col\u00b7lectiu i les din\u00e0miques i activitats que ha de portar a terme durant l\u2019estada a la instituci\u00f3. El tutor o la tutora del centre de les pr\u00e0ctiques [&hellip;]<\/p>\n","protected":false},"author":1,"featured_media":0,"parent":0,"menu_order":0,"comment_status":"closed","ping_status":"closed","template":"","meta":[],"_links":{"self":[{"href":"http:\/\/practiques-qes.recursos.uoc.edu\/guia-per-als-tutors-de-practiques-professionals\/wp-json\/wp\/v2\/pages\/40"}],"collection":[{"href":"http:\/\/practiques-qes.recursos.uoc.edu\/guia-per-als-tutors-de-practiques-professionals\/wp-json\/wp\/v2\/pages"}],"about":[{"href":"http:\/\/practiques-qes.recursos.uoc.edu\/guia-per-als-tutors-de-practiques-professionals\/wp-json\/wp\/v2\/types\/page"}],"author":[{"embeddable":true,"href":"http:\/\/practiques-qes.recursos.uoc.edu\/guia-per-als-tutors-de-practiques-professionals\/wp-json\/wp\/v2\/users\/1"}],"replies":[{"embeddable":true,"href":"http:\/\/practiques-qes.recursos.uoc.edu\/guia-per-als-tutors-de-practiques-professionals\/wp-json\/wp\/v2\/comments?post=40"}],"version-history":[{"count":9,"href":"http:\/\/practiques-qes.recursos.uoc.edu\/guia-per-als-tutors-de-practiques-professionals\/wp-json\/wp\/v2\/pages\/40\/revisions"}],"predecessor-version":[{"id":138,"href":"http:\/\/practiques-qes.recursos.uoc.edu\/guia-per-als-tutors-de-practiques-professionals\/wp-json\/wp\/v2\/pages\/40\/revisions\/138"}],"wp:attachment":[{"href":"http:\/\/practiques-qes.recursos.uoc.edu\/guia-per-als-tutors-de-practiques-professionals\/wp-json\/wp\/v2\/media?parent=40"}],"curies":[{"name":"wp","href":"https:\/\/api.w.org\/{rel}","templated":true}]}}