{"id":115,"date":"2019-10-14T11:37:28","date_gmt":"2019-10-14T09:37:28","guid":{"rendered":"http:\/\/practiques-qes.recursos.uoc.edu\/guia-per-als-tutors-de-practiques-professionals\/?page_id=115"},"modified":"2019-10-14T11:37:28","modified_gmt":"2019-10-14T09:37:28","slug":"8-1-model-dinforme-davaluacio-final","status":"publish","type":"page","link":"http:\/\/practiques-qes.recursos.uoc.edu\/guia-per-als-tutors-de-practiques-professionals\/8-1-model-dinforme-davaluacio-final\/","title":{"rendered":"8.1. Model d&#8217;informe d&#8217;avaluaci\u00f3 final"},"content":{"rendered":"<p><strong>Model d\u2019informe d\u2019avaluaci\u00f3 final (que ha d\u2019emplenar la tutoria del centre de pr\u00e0ctiques)<\/strong><\/p>\n<p><strong>1. Valora de l\u20191 al 4 (de menys a m\u00e9s) els indicadors d\u2019avaluaci\u00f3 seg\u00fcents respecte a la qualitat de les pr\u00e0ctiques de l\u2019estudiant que ha col\u00b7laborat amb la vostra instituci\u00f3.<\/strong><\/p>\n<table width=\"602\">\n<tbody>\n<tr>\n<td width=\"201\">Criteri d\u2019avaluaci\u00f3<\/td>\n<td width=\"201\">Resultat d\u2019aprenentatge<\/td>\n<td width=\"201\">Puntuaci\u00f3<\/p>\n<p>1 Mai<\/p>\n<p>2 Alguna vegada<\/p>\n<p>3 Bastantes vegades<\/p>\n<p>4 Sempre<\/td>\n<\/tr>\n<tr>\n<td colspan=\"3\" width=\"602\">Coneixements previs de l\u2019estudiant<\/td>\n<\/tr>\n<tr>\n<td width=\"201\">Adequaci\u00f3 dels coneixements previs<\/td>\n<td width=\"201\"><\/td>\n<td width=\"201\"><\/td>\n<\/tr>\n<tr>\n<td width=\"201\">Habilitats d\u2019organitzaci\u00f3 i sistematitzaci\u00f3<\/td>\n<td width=\"201\"><\/td>\n<td width=\"201\"><\/td>\n<\/tr>\n<tr>\n<td colspan=\"3\" width=\"602\">Actitud i predisposici\u00f3 de l\u2019estudiant<\/td>\n<\/tr>\n<tr>\n<td width=\"201\">Regularitat i puntualitat en l\u2019assist\u00e8ncia<\/td>\n<td width=\"201\"><\/td>\n<td width=\"201\"><\/td>\n<\/tr>\n<tr>\n<td width=\"201\">Disponibilitat i inter\u00e8s per aprendre<\/td>\n<td width=\"201\"><\/td>\n<td width=\"201\"><\/td>\n<\/tr>\n<tr>\n<td width=\"201\">Relaci\u00f3 amb els altres professionals<\/td>\n<td width=\"201\"><\/td>\n<td width=\"201\"><\/td>\n<\/tr>\n<tr>\n<td width=\"201\">Capacitat d\u2019adaptaci\u00f3 a les tasques del centre<\/td>\n<td width=\"201\"><\/td>\n<td width=\"201\"><\/td>\n<\/tr>\n<tr>\n<td colspan=\"3\" width=\"602\">Aportacions de l\u2019estudiant<\/td>\n<\/tr>\n<tr>\n<td width=\"201\">Pertinen\u00e7a de les seves aportacions<\/td>\n<td width=\"201\"><\/td>\n<td width=\"201\"><\/td>\n<\/tr>\n<tr>\n<td width=\"201\">Acompliment de les tasques encomanades<\/td>\n<td width=\"201\"><\/td>\n<td width=\"201\"><\/td>\n<\/tr>\n<tr>\n<td width=\"201\">Capacitat de presa d\u2019iniciativa<\/td>\n<td width=\"201\"><\/td>\n<td width=\"201\"><\/td>\n<\/tr>\n<tr>\n<td width=\"201\">Capacitat per resoldre problemes<\/td>\n<td width=\"201\"><\/td>\n<td width=\"201\"><\/td>\n<\/tr>\n<\/tbody>\n<\/table>\n<p><strong>2. En un m\u00e0xim de 10 l\u00ednies, descriu l\u2019experi\u00e8ncia de l\u2019estudiant al centre de pr\u00e0ctiques. <\/strong><\/p>\n<table style=\"height: 310px;\" width=\"603\">\n<tbody>\n<tr>\n<td width=\"602\">&nbsp;<\/p>\n<p>&nbsp;<\/td>\n<\/tr>\n<\/tbody>\n<\/table>\n<p><strong>3. Segons el teu punt de vista com a tutora o tutor de centre, quina qualificaci\u00f3 consideres que hauria de tenir l\u2019estudiant?<\/strong><br \/>\n* Suspens<br \/>\n* Aprovat<br \/>\n* Notable<br \/>\n* Excel\u00b7lent<br \/>\n* Matr\u00edcula d\u2019honor<\/p>\n","protected":false},"excerpt":{"rendered":"<p>Model d\u2019informe d\u2019avaluaci\u00f3 final (que ha d\u2019emplenar la tutoria del centre de pr\u00e0ctiques) 1. Valora de l\u20191 al 4 (de menys a m\u00e9s) els indicadors d\u2019avaluaci\u00f3 seg\u00fcents respecte a la qualitat de les pr\u00e0ctiques de l\u2019estudiant que ha col\u00b7laborat amb la vostra instituci\u00f3. Criteri d\u2019avaluaci\u00f3 Resultat d\u2019aprenentatge Puntuaci\u00f3 1 Mai 2 Alguna vegada 3 Bastantes [&hellip;]<\/p>\n","protected":false},"author":1,"featured_media":0,"parent":0,"menu_order":0,"comment_status":"closed","ping_status":"closed","template":"","meta":[],"_links":{"self":[{"href":"http:\/\/practiques-qes.recursos.uoc.edu\/guia-per-als-tutors-de-practiques-professionals\/wp-json\/wp\/v2\/pages\/115"}],"collection":[{"href":"http:\/\/practiques-qes.recursos.uoc.edu\/guia-per-als-tutors-de-practiques-professionals\/wp-json\/wp\/v2\/pages"}],"about":[{"href":"http:\/\/practiques-qes.recursos.uoc.edu\/guia-per-als-tutors-de-practiques-professionals\/wp-json\/wp\/v2\/types\/page"}],"author":[{"embeddable":true,"href":"http:\/\/practiques-qes.recursos.uoc.edu\/guia-per-als-tutors-de-practiques-professionals\/wp-json\/wp\/v2\/users\/1"}],"replies":[{"embeddable":true,"href":"http:\/\/practiques-qes.recursos.uoc.edu\/guia-per-als-tutors-de-practiques-professionals\/wp-json\/wp\/v2\/comments?post=115"}],"version-history":[{"count":1,"href":"http:\/\/practiques-qes.recursos.uoc.edu\/guia-per-als-tutors-de-practiques-professionals\/wp-json\/wp\/v2\/pages\/115\/revisions"}],"predecessor-version":[{"id":116,"href":"http:\/\/practiques-qes.recursos.uoc.edu\/guia-per-als-tutors-de-practiques-professionals\/wp-json\/wp\/v2\/pages\/115\/revisions\/116"}],"wp:attachment":[{"href":"http:\/\/practiques-qes.recursos.uoc.edu\/guia-per-als-tutors-de-practiques-professionals\/wp-json\/wp\/v2\/media?parent=115"}],"curies":[{"name":"wp","href":"https:\/\/api.w.org\/{rel}","templated":true}]}}