{"id":80,"date":"2019-10-09T13:06:23","date_gmt":"2019-10-09T11:06:23","guid":{"rendered":"http:\/\/practiques-qes.recursos.uoc.edu\/guia-per-als-tutors-de-practiques-professionals\/?page_id=80"},"modified":"2019-10-09T13:06:23","modified_gmt":"2019-10-09T11:06:23","slug":"4-requisitos-de-los-centros-de-practicas","status":"publish","type":"page","link":"http:\/\/practiques-qes.recursos.uoc.edu\/guia-per-als-tutors-de-practiques-professionals\/es\/4-requisitos-de-los-centros-de-practicas\/","title":{"rendered":"4. Requisitos de los centros de pr\u00e1cticas"},"content":{"rendered":"<p>En esta asignatura, el estudiante realiza pr\u00e1cticas <strong>presenciales en un centro de pr\u00e1cticas<\/strong>.<\/p>\n<p>Este centro puede ser una unidad u oficina t\u00e9cnica de calidad de instituciones y empresas de educaci\u00f3n de nivel superior, p\u00fablicas o privadas, o de una agencia de calidad.<\/p>\n<p>Para poder ser un centro de pr\u00e1cticas hay que cumplir los siguientes requisitos:<\/p>\n<ul>\n<li>Estar contextualizado en la educaci\u00f3n superior.<\/li>\n<li>Disponer de una persona que pueda asumir el rol de tutor o tutora, para lo cual ser\u00e1 necesaria una dedicaci\u00f3n m\u00ednima al estudiante, que realizar\u00e1 las pr\u00e1cticas durante 75 horas en la instituci\u00f3n.<\/li>\n<li>Disponer de las instalaciones adecuadas para facilitar el trabajo del estudiante.<\/li>\n<li>Proveer al estudiante de los medios y recursos adecuados para la puesta en pr\u00e1ctica de sus tareas con \u00e9xito.<\/li>\n<\/ul>\n<p>Adem\u00e1s, ser\u00eda conveniente que el centro de pr\u00e1cticas permitiera al estudiante poner en juego competencias de resoluci\u00f3n de problemas y toma de decisiones, considerando los diferentes factores y condiciones existentes y haciendo frente a las mismas ambig\u00fcedades, incertidumbres y complejidades que se encontrar\u00eda en un entorno laboral.<\/p>\n","protected":false},"excerpt":{"rendered":"<p>En esta asignatura, el estudiante realiza pr\u00e1cticas presenciales en un centro de pr\u00e1cticas. Este centro puede ser una unidad u oficina t\u00e9cnica de calidad de instituciones y empresas de educaci\u00f3n de nivel superior, p\u00fablicas o privadas, o de una agencia de calidad. Para poder ser un centro de pr\u00e1cticas hay que cumplir los siguientes requisitos: [&hellip;]<\/p>\n","protected":false},"author":1,"featured_media":0,"parent":0,"menu_order":0,"comment_status":"closed","ping_status":"closed","template":"","meta":[],"_links":{"self":[{"href":"http:\/\/practiques-qes.recursos.uoc.edu\/guia-per-als-tutors-de-practiques-professionals\/es\/wp-json\/wp\/v2\/pages\/80"}],"collection":[{"href":"http:\/\/practiques-qes.recursos.uoc.edu\/guia-per-als-tutors-de-practiques-professionals\/es\/wp-json\/wp\/v2\/pages"}],"about":[{"href":"http:\/\/practiques-qes.recursos.uoc.edu\/guia-per-als-tutors-de-practiques-professionals\/es\/wp-json\/wp\/v2\/types\/page"}],"author":[{"embeddable":true,"href":"http:\/\/practiques-qes.recursos.uoc.edu\/guia-per-als-tutors-de-practiques-professionals\/es\/wp-json\/wp\/v2\/users\/1"}],"replies":[{"embeddable":true,"href":"http:\/\/practiques-qes.recursos.uoc.edu\/guia-per-als-tutors-de-practiques-professionals\/es\/wp-json\/wp\/v2\/comments?post=80"}],"version-history":[{"count":1,"href":"http:\/\/practiques-qes.recursos.uoc.edu\/guia-per-als-tutors-de-practiques-professionals\/es\/wp-json\/wp\/v2\/pages\/80\/revisions"}],"predecessor-version":[{"id":81,"href":"http:\/\/practiques-qes.recursos.uoc.edu\/guia-per-als-tutors-de-practiques-professionals\/es\/wp-json\/wp\/v2\/pages\/80\/revisions\/81"}],"wp:attachment":[{"href":"http:\/\/practiques-qes.recursos.uoc.edu\/guia-per-als-tutors-de-practiques-professionals\/es\/wp-json\/wp\/v2\/media?parent=80"}],"curies":[{"name":"wp","href":"https:\/\/api.w.org\/{rel}","templated":true}]}}