{"id":78,"date":"2019-10-09T13:06:22","date_gmt":"2019-10-09T11:06:22","guid":{"rendered":"http:\/\/practiques-qes.recursos.uoc.edu\/guia-per-als-tutors-de-practiques-professionals\/?page_id=78"},"modified":"2019-10-17T09:53:35","modified_gmt":"2019-10-17T07:53:35","slug":"3-funciones-del-tutor-de-centro","status":"publish","type":"page","link":"http:\/\/practiques-qes.recursos.uoc.edu\/guia-per-als-tutors-de-practiques-professionals\/es\/3-funciones-del-tutor-de-centro\/","title":{"rendered":"3. Funciones del tutor o tutora de centro"},"content":{"rendered":"<p>La tutora o el tutor de centro es la persona del centro de pr\u00e1cticas que acoge al estudiante y lo orienta en cuanto al contexto espec\u00edfico del centro, el colectivo y las din\u00e1micas y actividades que tiene que llevar a cabo durante la estancia en la instituci\u00f3n.<\/p>\n<p>El tutor o la tutora del centro de las pr\u00e1cticas debe ser una persona profesional vinculada a la instituci\u00f3n donde se realizan las pr\u00e1cticas. Se responsabiliza de la estancia presencial del estudiante y, por lo tanto, de facilitar el aprovechamiento que el estudiante pueda hacer de ella. En este sentido, la tutor\u00eda de pr\u00e1cticas tendr\u00e1 que disponer de tiempo suficiente para guiar al estudiante durante la estancia en el centro.<\/p>\n<p>El tutor o la tutora del centro tiene b\u00e1sicamente tres funciones:<\/p>\n<ol>\n<li><strong>Acompa\u00f1ar al estudiante durante la estancia:<\/strong>\n<ul>\n<li>Acoger al estudiante en el marco de la instituci\u00f3n donde se har\u00e1n las pr\u00e1cticas.<\/li>\n<li>Explicar la misi\u00f3n del centro y el servicio espec\u00edfico, as\u00ed como su funcionamiento.<\/li>\n<li>Resolver las dudas que vayan surgiendo durante la estancia.<\/li>\n<li>Facilitar los recursos y\/o materiales necesarios para que el estudiante desarrolle su tarea.<\/li>\n<\/ul>\n<\/li>\n<li><strong>Facilitar la participaci\u00f3n del estudiante en la din\u00e1mica del centro:<\/strong>\n<ul>\n<li>Facilitar el contacto del estudiante con otras personas de la organizaci\u00f3n para que pueda desarrollar las pr\u00e1cticas con \u00e9xito. En funci\u00f3n de las tareas, el estudiante podr\u00e1 asistir en persona y con el rol de observador a reuniones internas o externas para conocer la realidad de la organizaci\u00f3n.<\/li>\n<li>Apoyar al estudiante en la detecci\u00f3n de necesidades y la adecuaci\u00f3n del dise\u00f1o y del desarrollo del proyecto en el contexto concreto. Este acompa\u00f1amiento se lleva a cabo de manera coordinada con el personal docente colaborador de la asignatura.<\/li>\n<\/ul>\n<\/li>\n<li><strong>Participar en la evaluaci\u00f3n de las pr\u00e1cticas del estudiante:<\/strong>\n<ul>\n<li>Al final del periodo de pr\u00e1cticas, la tutor\u00eda del centro hace una valoraci\u00f3n de la estancia del estudiante. Los aspectos concretos que debe valorar son los que incluye la plantilla disponible en el documento Modelo de informe de evaluaci\u00f3n final disponible en esta <em>gu\u00eda<\/em>.<\/li>\n<\/ul>\n<\/li>\n<\/ol>\n<div class=\"featured featured-blue\"><p><strong>Al final de su tarea, el profesional que ha ejercido como tutor del centro recibe un certificado de la Universidad en el que se acredita esta funci\u00f3n.<\/strong><\/p>\n<\/div>\n","protected":false},"excerpt":{"rendered":"<p>La tutora o el tutor de centro es la persona del centro de pr\u00e1cticas que acoge al estudiante y lo orienta en cuanto al contexto espec\u00edfico del centro, el colectivo y las din\u00e1micas y actividades que tiene que llevar a cabo durante la estancia en la instituci\u00f3n. El tutor o la tutora del centro de [&hellip;]<\/p>\n","protected":false},"author":1,"featured_media":0,"parent":0,"menu_order":0,"comment_status":"closed","ping_status":"closed","template":"","meta":[],"_links":{"self":[{"href":"http:\/\/practiques-qes.recursos.uoc.edu\/guia-per-als-tutors-de-practiques-professionals\/es\/wp-json\/wp\/v2\/pages\/78"}],"collection":[{"href":"http:\/\/practiques-qes.recursos.uoc.edu\/guia-per-als-tutors-de-practiques-professionals\/es\/wp-json\/wp\/v2\/pages"}],"about":[{"href":"http:\/\/practiques-qes.recursos.uoc.edu\/guia-per-als-tutors-de-practiques-professionals\/es\/wp-json\/wp\/v2\/types\/page"}],"author":[{"embeddable":true,"href":"http:\/\/practiques-qes.recursos.uoc.edu\/guia-per-als-tutors-de-practiques-professionals\/es\/wp-json\/wp\/v2\/users\/1"}],"replies":[{"embeddable":true,"href":"http:\/\/practiques-qes.recursos.uoc.edu\/guia-per-als-tutors-de-practiques-professionals\/es\/wp-json\/wp\/v2\/comments?post=78"}],"version-history":[{"count":6,"href":"http:\/\/practiques-qes.recursos.uoc.edu\/guia-per-als-tutors-de-practiques-professionals\/es\/wp-json\/wp\/v2\/pages\/78\/revisions"}],"predecessor-version":[{"id":139,"href":"http:\/\/practiques-qes.recursos.uoc.edu\/guia-per-als-tutors-de-practiques-professionals\/es\/wp-json\/wp\/v2\/pages\/78\/revisions\/139"}],"wp:attachment":[{"href":"http:\/\/practiques-qes.recursos.uoc.edu\/guia-per-als-tutors-de-practiques-professionals\/es\/wp-json\/wp\/v2\/media?parent=78"}],"curies":[{"name":"wp","href":"https:\/\/api.w.org\/{rel}","templated":true}]}}