{"id":74,"date":"2019-10-09T13:06:21","date_gmt":"2019-10-09T11:06:21","guid":{"rendered":"http:\/\/practiques-qes.recursos.uoc.edu\/guia-per-als-tutors-de-practiques-professionals\/?page_id=74"},"modified":"2019-10-15T12:08:24","modified_gmt":"2019-10-15T10:08:24","slug":"1-introduccion","status":"publish","type":"page","link":"http:\/\/practiques-qes.recursos.uoc.edu\/guia-per-als-tutors-de-practiques-professionals\/es\/","title":{"rendered":"1. Introducci\u00f3n"},"content":{"rendered":"<p>La asignatura Pr\u00e1cticas consiste en una experiencia profesionalizadora que permite al estudiante poner en pr\u00e1ctica y consolidar las competencias establecidas a lo largo del m\u00e1ster de Evaluaci\u00f3n y Gesti\u00f3n de la Calidad en la Educaci\u00f3n Superior. Esta experiencia se desarrolla:<\/p>\n<ul>\n<li>en el lugar de las pr\u00e1cticas, por medio del plan de trabajo individualizado acordado con la tutor\u00eda del centro;<\/li>\n<li>y en el aula virtual de la UOC, mediante una serie de actividades de aprendizaje para integrar y dar sentido a los contenidos y procedimientos trabajados a lo largo de la titulaci\u00f3n.<\/li>\n<\/ul>\n<p>Esta <strong><em>Gu\u00eda de Pr\u00e1cticas<\/em><\/strong> del m\u00e1ster recoge toda la informaci\u00f3n relativa a los contenidos y al funcionamiento de la asignatura y quiere dar respuesta a las preguntas m\u00e1s frecuentes que el tutor de centro se plantea. Por ello se explica en qu\u00e9 consiste la asignatura, las funciones de la tutora o del tutor de centro, los requisitos para ser centros de pr\u00e1cticas y las informaciones necesarias para el seguimiento y la evaluaci\u00f3n del estudiante.<\/p>\n","protected":false},"excerpt":{"rendered":"<p>La asignatura Pr\u00e1cticas consiste en una experiencia profesionalizadora que permite al estudiante poner en pr\u00e1ctica y consolidar las competencias establecidas a lo largo del m\u00e1ster de Evaluaci\u00f3n y Gesti\u00f3n de la Calidad en la Educaci\u00f3n Superior. Esta experiencia se desarrolla: en el lugar de las pr\u00e1cticas, por medio del plan de trabajo individualizado acordado con [&hellip;]<\/p>\n","protected":false},"author":1,"featured_media":0,"parent":0,"menu_order":0,"comment_status":"closed","ping_status":"closed","template":"","meta":[],"_links":{"self":[{"href":"http:\/\/practiques-qes.recursos.uoc.edu\/guia-per-als-tutors-de-practiques-professionals\/es\/wp-json\/wp\/v2\/pages\/74"}],"collection":[{"href":"http:\/\/practiques-qes.recursos.uoc.edu\/guia-per-als-tutors-de-practiques-professionals\/es\/wp-json\/wp\/v2\/pages"}],"about":[{"href":"http:\/\/practiques-qes.recursos.uoc.edu\/guia-per-als-tutors-de-practiques-professionals\/es\/wp-json\/wp\/v2\/types\/page"}],"author":[{"embeddable":true,"href":"http:\/\/practiques-qes.recursos.uoc.edu\/guia-per-als-tutors-de-practiques-professionals\/es\/wp-json\/wp\/v2\/users\/1"}],"replies":[{"embeddable":true,"href":"http:\/\/practiques-qes.recursos.uoc.edu\/guia-per-als-tutors-de-practiques-professionals\/es\/wp-json\/wp\/v2\/comments?post=74"}],"version-history":[{"count":2,"href":"http:\/\/practiques-qes.recursos.uoc.edu\/guia-per-als-tutors-de-practiques-professionals\/es\/wp-json\/wp\/v2\/pages\/74\/revisions"}],"predecessor-version":[{"id":119,"href":"http:\/\/practiques-qes.recursos.uoc.edu\/guia-per-als-tutors-de-practiques-professionals\/es\/wp-json\/wp\/v2\/pages\/74\/revisions\/119"}],"wp:attachment":[{"href":"http:\/\/practiques-qes.recursos.uoc.edu\/guia-per-als-tutors-de-practiques-professionals\/es\/wp-json\/wp\/v2\/media?parent=74"}],"curies":[{"name":"wp","href":"https:\/\/api.w.org\/{rel}","templated":true}]}}