{"id":89,"date":"2019-08-14T12:43:13","date_gmt":"2019-08-14T10:43:13","guid":{"rendered":"http:\/\/practiques-qes.recursos.uoc.edu\/guia-per-als-estudiants-de-practiques-professionals\/?page_id=89"},"modified":"2019-10-10T12:33:14","modified_gmt":"2019-10-10T10:33:14","slug":"10-2-carta-de-presentacio-als-centres","status":"publish","type":"page","link":"http:\/\/practiques-qes.recursos.uoc.edu\/guia-per-als-estudiants-de-practiques-professionals\/10-2-carta-de-presentacio-als-centres\/","title":{"rendered":"10.2. Carta de presentaci\u00f3 als centres"},"content":{"rendered":"<p>Aquesta \u00e9s la carta que es posa a disposici\u00f3 de l\u2019estudiant per si vol proposar un centre de pr\u00e0ctiques i ell mateix vol fer el primer contacte. La vaig fer l\u2019altre dia i penso que tamb\u00e9 et pot servir per agafar alguna idea per la guia:<\/p>\n<div class=\"featured featured-grey\"><\/p>\n<p>Benvolguts i benvolgudes,<\/p>\n<p>Des de la Comissi\u00f3 de Pr\u00e0ctiques del m\u00e0ster universitari d\u2019Avaluaci\u00f3 i Gesti\u00f3 de la Qualitat en l\u2019Educaci\u00f3 Superior ens plau adre\u00e7ar-nos a vosaltres per agrair-vos l\u2019acollida d\u2019un estudiant o una estudiant en pr\u00e0ctiques a la vostra instituci\u00f3 i per proporcionar-vos una primera informaci\u00f3 sobre la finalitat i el funcionament d\u2019aquestes pr\u00e0ctiques.<\/p>\n<p>L\u2019assignatura de Pr\u00e0ctiques externes d\u2019aquest m\u00e0ster est\u00e0 integrada en el pla d\u2019estudis i \u00e9s una assignatura on es preveu que l\u2019estudiant apliqui els coneixements adquirits al llarg de la titulaci\u00f3 i es posin en joc les compet\u00e8ncies desenvolupades en les assignatures cursades. Aquestes pr\u00e0ctiques consisteixen en la realitzaci\u00f3 de 6 cr\u00e8dits ECTS, que equivalen aproximadament a 150 hores de dedicaci\u00f3 dels estudiants. Aquestes hores queden repartides de la manera seg\u00fcent: 75 hores d\u2019activitat presencial al centre de pr\u00e0ctiques i 75 hores d\u2019activitat virtual a l\u2019aula de la UOC. Per a aquestes hores d\u2019aplicaci\u00f3 professional a la instituci\u00f3 s\u2019estableix un conveni concret per a cada estudiant on es concreta el projecte que cal realitzar, les condicions i les persones que faran el seguiment i l\u2019avaluaci\u00f3 d\u2019aquest alumne. Aquest projecte estar\u00e0 relacionat amb els continguts i les compet\u00e8ncies establertes en el pla docent de l\u2019assignatura.<\/p>\n<p>Una vegada superats aquest tr\u00e0mits administratius, l\u2019estudiant tindr\u00e0 dos referents durant la realitzaci\u00f3 efectiva de les pr\u00e0ctiques: un de la instituci\u00f3, el tutor o la tutora del centre de pr\u00e0ctiques, i un altre de la Universitat, el tutor acad\u00e8mic o la tutora acad\u00e8mica. Tots dos l\u2019acompanyaran i faran un seguiment de la seva activitat durant la realitzaci\u00f3 del projecte d\u2019aplicaci\u00f3 professional. Ambd\u00f3s tutors o tutores seran qui avaluaran l\u2019estudiant per mitj\u00e0 de les eines d\u2019avaluaci\u00f3 dissenyades segons els criteris d\u2019avaluaci\u00f3 de l\u2019assignatura. El tutor o la tutora del centre de pr\u00e0ctiques no intervindr\u00e0 en els aspectes acad\u00e8mics de la pr\u00e0ctica que es circumscriuen al campus de la UOC, de manera que no cal que sigui expert o experta en l\u2019\u00e0mbit de l\u2019aprenentatge virtual.<\/p>\n<p>Les pr\u00e0ctiques requereixen la pres\u00e8ncia cont\u00ednua de l\u2019estudiant a la instituci\u00f3, el contacte amb els tutors o les tutores \u2015de la instituci\u00f3 i de la UOC\u2015, l\u2019intercanvi d\u2019informaci\u00f3 sobre el centre de pr\u00e0ctiques i el context d\u2019intervenci\u00f3, i tamb\u00e9 la realitzaci\u00f3 d\u2019algunes activitats necess\u00e0ries per plantejar i desenvolupar el projecte correctament. Pel que fa a la durada, les pr\u00e0ctiques es fan en un semestre, en el per\u00edode compr\u00e9s entre el mar\u00e7 i el juliol.<\/p>\n<p>De vegades s\u00f3n els estudiants qui cerquen el centre de pr\u00e0ctiques en qu\u00e8 desenvoluparan el projecte, que pot ser la mateixa organitzaci\u00f3 en la qual treballen, per\u00f2 mai no pot ser el lloc de treball mateix ni tenir un tutor o una tutora que sigui el seu cap directe actual. Per formalitzar la sol\u00b7licitud, el centre ha d\u2019introduir les dades requerides sobre l\u2019oferta de pr\u00e0ctiques mitjan\u00e7ant una plataforma (<a href=\"http:\/\/www.uoc.edu\/experience\" target=\"_blank\" rel=\"noopener noreferrer\">www.uoc.edu\/experience<\/a>) i proposar el nom de l\u2019estudiant. La Comissi\u00f3 de Pr\u00e0ctiques valora la proposta i, si l\u2019accepta, activa l\u2019emissi\u00f3 i la signatura d\u2019un conveni de cooperaci\u00f3 educativa entre la UOC, l\u2019entitat de pr\u00e0ctiques i l\u2019estudiant, que formalitza el comprom\u00eds i els acords adquirits per les tres parts.<\/p>\n<p>Mitjan\u00e7ant aquest conveni, la UOC ofereix una asseguran\u00e7a a l\u2019estudiant que el cobreix en cas de danys personals. La informaci\u00f3 imprescindible per a la signatura del conveni i les gestions acad\u00e8miques vinculades a les pr\u00e0ctiques compr\u00e8n les dades b\u00e0siques d\u2019identificaci\u00f3 i de contacte del centre, del seu responsable legal (amb poders per signar el conveni) i de la persona que assumir\u00e0 la tutoria de les pr\u00e0ctiques. A l\u2019inici de les pr\u00e0ctiques, les dades de contacte de l\u2019estudiant estaran a disposici\u00f3 d\u2019ambd\u00f3s tutors o tutores de pr\u00e0ctiques, tant de la instituci\u00f3 com de la UOC. En finalitzar aquest per\u00edode de pr\u00e0ctiques, l\u2019estudiant lliurar\u00e0 el projecte que s\u2019hagi acordat i, en paral\u00b7lel i en tots els casos, es demanar\u00e0 al tutor o a la tutora de centre que certifiqui la realitzaci\u00f3 de les pr\u00e0ctiques i que les qualifiqui mitjan\u00e7ant l\u2019eina d\u2019avaluaci\u00f3 que s\u2019hagi dissenyat.<\/p>\n<p>Esperem que aquesta informaci\u00f3 hagi estat \u00fatil i agra\u00efm per endavant la vostra col\u00b7laboraci\u00f3.<\/p>\n<p>Restem a la vostra disposici\u00f3 per a consultes, suggeriments i tot all\u00f2 que considereu oport\u00fa.<\/p>\n<p>Cordialment,<\/p>\n<p>Comissi\u00f3 de Pr\u00e0ctiques del m\u00e0ster universitari d\u2019Avaluaci\u00f3 i Gesti\u00f3 de la Qualitat en l\u2019Educaci\u00f3 Superior<\/p>\n<p>\n<\/div>\n<p>&nbsp;<\/p>\n","protected":false},"excerpt":{"rendered":"<p>Aquesta \u00e9s la carta que es posa a disposici\u00f3 de l\u2019estudiant per si vol proposar un centre de pr\u00e0ctiques i ell mateix vol fer el primer contacte. La vaig fer l\u2019altre dia i penso que tamb\u00e9 et pot servir per agafar alguna idea per la guia: &nbsp;<\/p>\n","protected":false},"author":1,"featured_media":0,"parent":0,"menu_order":0,"comment_status":"closed","ping_status":"closed","template":"","meta":[],"_links":{"self":[{"href":"http:\/\/practiques-qes.recursos.uoc.edu\/guia-per-als-estudiants-de-practiques-professionals\/wp-json\/wp\/v2\/pages\/89"}],"collection":[{"href":"http:\/\/practiques-qes.recursos.uoc.edu\/guia-per-als-estudiants-de-practiques-professionals\/wp-json\/wp\/v2\/pages"}],"about":[{"href":"http:\/\/practiques-qes.recursos.uoc.edu\/guia-per-als-estudiants-de-practiques-professionals\/wp-json\/wp\/v2\/types\/page"}],"author":[{"embeddable":true,"href":"http:\/\/practiques-qes.recursos.uoc.edu\/guia-per-als-estudiants-de-practiques-professionals\/wp-json\/wp\/v2\/users\/1"}],"replies":[{"embeddable":true,"href":"http:\/\/practiques-qes.recursos.uoc.edu\/guia-per-als-estudiants-de-practiques-professionals\/wp-json\/wp\/v2\/comments?post=89"}],"version-history":[{"count":4,"href":"http:\/\/practiques-qes.recursos.uoc.edu\/guia-per-als-estudiants-de-practiques-professionals\/wp-json\/wp\/v2\/pages\/89\/revisions"}],"predecessor-version":[{"id":227,"href":"http:\/\/practiques-qes.recursos.uoc.edu\/guia-per-als-estudiants-de-practiques-professionals\/wp-json\/wp\/v2\/pages\/89\/revisions\/227"}],"wp:attachment":[{"href":"http:\/\/practiques-qes.recursos.uoc.edu\/guia-per-als-estudiants-de-practiques-professionals\/wp-json\/wp\/v2\/media?parent=89"}],"curies":[{"name":"wp","href":"https:\/\/api.w.org\/{rel}","templated":true}]}}