{"id":63,"date":"2019-08-14T12:19:58","date_gmt":"2019-08-14T10:19:58","guid":{"rendered":"http:\/\/practiques-qes.recursos.uoc.edu\/guia-per-als-estudiants-de-practiques-professionals\/?page_id=63"},"modified":"2019-08-14T12:50:40","modified_gmt":"2019-08-14T10:50:40","slug":"4-3-pas-3-assignacions-proces-de-seleccio-dels-estudiants","status":"publish","type":"page","link":"http:\/\/practiques-qes.recursos.uoc.edu\/guia-per-als-estudiants-de-practiques-professionals\/4-3-pas-3-assignacions-proces-de-seleccio-dels-estudiants\/","title":{"rendered":"4.4. Pas 3. Assignacions \/ proc\u00e9s de selecci\u00f3 dels estudiants"},"content":{"rendered":"<p>La Comissi\u00f3 de Pr\u00e0ctiques \u00e9s la responsable de validar i assignar un centre de pr\u00e0ctiques per a cada estudiant, d\u2019acord amb els criteris establerts pr\u00e8viament a l\u2019inici del semestre lectiu: l\u2019expedient acad\u00e8mic i, en cas d\u2019empat, la rellev\u00e0ncia del curr\u00edculum presentat.<\/p>\n<p>La tutoria del programa, sota la coordinaci\u00f3 de la Comissi\u00f3 de Pr\u00e0ctiques, acompanya els tutorands i tutorandes durant el proc\u00e9s de sol\u00b7licitud i matriculaci\u00f3 de les pr\u00e0ctiques i verifica que realitzen la sol\u00b7licitud segons els criteris, els procediments i en el termini establerts.<\/p>\n<p>En aquest sentit, cal recordar que la UOC posa a disposici\u00f3 dels alumnes diferents canals i circuits d\u2019informaci\u00f3 i de comunicaci\u00f3 corresponents per atendre les possibles consultes i resoldre les incid\u00e8ncies que s\u2019esdevinguin en el proc\u00e9s:<\/p>\n<table width=\"574\">\n<tbody>\n<tr class=\"table-header-sec\">\n<td width=\"262\">Servei d\u2019Atenci\u00f3 per als Estudiants<\/td>\n<td width=\"312\"><strong>Atendre consultes sobre la matriculaci\u00f3 i les gestions acad\u00e8miques<\/strong><\/td>\n<\/tr>\n<tr class=\"table-header\">\n<td width=\"262\">Responsable de la tutoria del programa<\/td>\n<td width=\"312\">Atendre les consultes i orientar els estudiants<\/td>\n<\/tr>\n<tr class=\"table-header-sec\">\n<td width=\"262\">Personal docent responsable de l\u2019assignatura (PRA)<\/td>\n<td width=\"312\">Atendre els responsables de la tutoria del programa i els centres de pr\u00e0ctiques sobre aspectes acad\u00e8mics durant el desenvolupament de les pr\u00e0ctiques<\/td>\n<\/tr>\n<tr class=\"table-header\">\n<td width=\"262\">Personal docent col\u00b7laboradors ( PDC)<\/td>\n<td width=\"312\">Atendre consultes dels estudiants durant el desenvolupament de les pr\u00e0ctiques<\/td>\n<\/tr>\n<tr class=\"table-header-sec\">\n<td width=\"262\">B\u00fastia de la Comissi\u00f3 de Pr\u00e0ctiques del programa<\/td>\n<td width=\"312\">Atendre qualsevol altre suggeriment de qualsevol interlocutor<\/td>\n<\/tr>\n<\/tbody>\n<\/table>\n<p>Una vegada superats aquests tr\u00e0mits administratius, l\u2019estudiant t\u00e9 dos referents durant la realitzaci\u00f3 efectiva de les pr\u00e0ctiques: un de l\u2019organitzaci\u00f3, la tutoria del centre de pr\u00e0ctiques, i un altre de la Universitat, el personal docent col\u00b7laborador. Tots dos l\u2019acompanyen i fan un seguiment de la seva activitat durant el desenvolupament de l\u2019assignatura.<\/p>\n","protected":false},"excerpt":{"rendered":"<p>La Comissi\u00f3 de Pr\u00e0ctiques \u00e9s la responsable de validar i assignar un centre de pr\u00e0ctiques per a cada estudiant, d\u2019acord amb els criteris establerts pr\u00e8viament a l\u2019inici del semestre lectiu: l\u2019expedient acad\u00e8mic i, en cas d\u2019empat, la rellev\u00e0ncia del curr\u00edculum presentat. La tutoria del programa, sota la coordinaci\u00f3 de la Comissi\u00f3 de Pr\u00e0ctiques, acompanya els [&hellip;]<\/p>\n","protected":false},"author":1,"featured_media":0,"parent":0,"menu_order":0,"comment_status":"closed","ping_status":"closed","template":"","meta":[],"_links":{"self":[{"href":"http:\/\/practiques-qes.recursos.uoc.edu\/guia-per-als-estudiants-de-practiques-professionals\/wp-json\/wp\/v2\/pages\/63"}],"collection":[{"href":"http:\/\/practiques-qes.recursos.uoc.edu\/guia-per-als-estudiants-de-practiques-professionals\/wp-json\/wp\/v2\/pages"}],"about":[{"href":"http:\/\/practiques-qes.recursos.uoc.edu\/guia-per-als-estudiants-de-practiques-professionals\/wp-json\/wp\/v2\/types\/page"}],"author":[{"embeddable":true,"href":"http:\/\/practiques-qes.recursos.uoc.edu\/guia-per-als-estudiants-de-practiques-professionals\/wp-json\/wp\/v2\/users\/1"}],"replies":[{"embeddable":true,"href":"http:\/\/practiques-qes.recursos.uoc.edu\/guia-per-als-estudiants-de-practiques-professionals\/wp-json\/wp\/v2\/comments?post=63"}],"version-history":[{"count":3,"href":"http:\/\/practiques-qes.recursos.uoc.edu\/guia-per-als-estudiants-de-practiques-professionals\/wp-json\/wp\/v2\/pages\/63\/revisions"}],"predecessor-version":[{"id":118,"href":"http:\/\/practiques-qes.recursos.uoc.edu\/guia-per-als-estudiants-de-practiques-professionals\/wp-json\/wp\/v2\/pages\/63\/revisions\/118"}],"wp:attachment":[{"href":"http:\/\/practiques-qes.recursos.uoc.edu\/guia-per-als-estudiants-de-practiques-professionals\/wp-json\/wp\/v2\/media?parent=63"}],"curies":[{"name":"wp","href":"https:\/\/api.w.org\/{rel}","templated":true}]}}