{"id":59,"date":"2019-08-14T12:17:10","date_gmt":"2019-08-14T10:17:10","guid":{"rendered":"http:\/\/practiques-qes.recursos.uoc.edu\/guia-per-als-estudiants-de-practiques-professionals\/?page_id=59"},"modified":"2019-08-14T12:50:12","modified_gmt":"2019-08-14T10:50:12","slug":"4-2-pas-2-inscripcio-a-la-convocatoria-i-sollicitud-dofertes","status":"publish","type":"page","link":"http:\/\/practiques-qes.recursos.uoc.edu\/guia-per-als-estudiants-de-practiques-professionals\/4-2-pas-2-inscripcio-a-la-convocatoria-i-sollicitud-dofertes\/","title":{"rendered":"4.3. Pas 2. Inscripci\u00f3 a la convocat\u00f2ria i sol\u00b7licitud d\u2019ofertes"},"content":{"rendered":"<p>En primer lloc, tant si ja disposeu d\u2019una empresa on podeu fer les pr\u00e0ctiques com si encara no teniu cap contacte per\u00f2 esteu interessats a cursar l\u2019assignatura de Pr\u00e0ctiques, heu d\u2019accedir a l\u2019eina Experience i inscriure-us a la convocat\u00f2ria de Pr\u00e0ctiques curriculars del m\u00e0ster.<\/p>\n<p>Un cop us hi hagueu inscrit, dins de la convocat\u00f2ria trobareu les ofertes de pr\u00e0ctiques concretes publicades per centres i empreses a les quals podeu optar. Seleccioneu les que us interessin i prioritzeu-les segons el vostre inter\u00e8s.<\/p>\n<p>Heu de seguir el calendari d\u2019obertura i de tancament de la convocat\u00f2ria de pr\u00e0ctiques i els procediments establerts per poder realitzar les pr\u00e0ctiques el semestre seg\u00fcent.<\/p>\n<p>Aquest calendari es revisa cada semestre i es fa p\u00fablic en l\u2019espai de Tr\u00e0mits de Campus i tamb\u00e9 per mitj\u00e0 de la tutoria del programa. <strong>Si seguiu el calendari, en finalitzar aquest termini, heu de tenir una pla\u00e7a de pr\u00e0ctiques assignada<\/strong>. En cas contrari, si no se segueixen el calendari i els procediments establerts no es pot garantir una pla\u00e7a de pr\u00e0ctiques.<\/p>\n","protected":false},"excerpt":{"rendered":"<p>En primer lloc, tant si ja disposeu d\u2019una empresa on podeu fer les pr\u00e0ctiques com si encara no teniu cap contacte per\u00f2 esteu interessats a cursar l\u2019assignatura de Pr\u00e0ctiques, heu d\u2019accedir a l\u2019eina Experience i inscriure-us a la convocat\u00f2ria de Pr\u00e0ctiques curriculars del m\u00e0ster. Un cop us hi hagueu inscrit, dins de la convocat\u00f2ria trobareu [&hellip;]<\/p>\n","protected":false},"author":1,"featured_media":0,"parent":0,"menu_order":0,"comment_status":"closed","ping_status":"closed","template":"","meta":[],"_links":{"self":[{"href":"http:\/\/practiques-qes.recursos.uoc.edu\/guia-per-als-estudiants-de-practiques-professionals\/wp-json\/wp\/v2\/pages\/59"}],"collection":[{"href":"http:\/\/practiques-qes.recursos.uoc.edu\/guia-per-als-estudiants-de-practiques-professionals\/wp-json\/wp\/v2\/pages"}],"about":[{"href":"http:\/\/practiques-qes.recursos.uoc.edu\/guia-per-als-estudiants-de-practiques-professionals\/wp-json\/wp\/v2\/types\/page"}],"author":[{"embeddable":true,"href":"http:\/\/practiques-qes.recursos.uoc.edu\/guia-per-als-estudiants-de-practiques-professionals\/wp-json\/wp\/v2\/users\/1"}],"replies":[{"embeddable":true,"href":"http:\/\/practiques-qes.recursos.uoc.edu\/guia-per-als-estudiants-de-practiques-professionals\/wp-json\/wp\/v2\/comments?post=59"}],"version-history":[{"count":2,"href":"http:\/\/practiques-qes.recursos.uoc.edu\/guia-per-als-estudiants-de-practiques-professionals\/wp-json\/wp\/v2\/pages\/59\/revisions"}],"predecessor-version":[{"id":117,"href":"http:\/\/practiques-qes.recursos.uoc.edu\/guia-per-als-estudiants-de-practiques-professionals\/wp-json\/wp\/v2\/pages\/59\/revisions\/117"}],"wp:attachment":[{"href":"http:\/\/practiques-qes.recursos.uoc.edu\/guia-per-als-estudiants-de-practiques-professionals\/wp-json\/wp\/v2\/media?parent=59"}],"curies":[{"name":"wp","href":"https:\/\/api.w.org\/{rel}","templated":true}]}}