{"id":45,"date":"2019-08-14T12:09:27","date_gmt":"2019-08-14T10:09:27","guid":{"rendered":"http:\/\/practiques-qes.recursos.uoc.edu\/guia-per-als-estudiants-de-practiques-professionals\/?page_id=45"},"modified":"2019-08-14T12:15:18","modified_gmt":"2019-08-14T10:15:18","slug":"4-proces-i-procediment","status":"publish","type":"page","link":"http:\/\/practiques-qes.recursos.uoc.edu\/guia-per-als-estudiants-de-practiques-professionals\/4-proces-i-procediment\/","title":{"rendered":"4.1. Introducci\u00f3"},"content":{"rendered":"<p>En aquesta assignatura, l\u2019estudiant realitza pr\u00e0ctiques <strong>presencials en un centre de pr\u00e0ctiques<\/strong>. Aquest centre pot ser una unitat o oficina t\u00e8cnica de qualitat d\u2019institucions i empreses d\u2019educaci\u00f3 de nivell superior, p\u00fabliques o privades, o d\u2019una ag\u00e8ncia de qualitat. Aquestes activitats es basen en la realitzaci\u00f3 d\u2019algunes de les funcions habituals de les organitzacions com, per exemple, l\u2019elaboraci\u00f3 d\u2019informes, l\u2019an\u00e0lisi de processos d\u2019avaluaci\u00f3 externa o interna, la interpretaci\u00f3 dels indicadors per mitj\u00e0 de les dades quantitatives i qualitatives que els sustenten, entre d\u2019altres.<\/p>\n<p>Des de cada programa es vetlla perqu\u00e8 tots els estudiants independentment del lloc de resid\u00e8ncia i la situaci\u00f3 personal trobin una opci\u00f3 o modalitat de pr\u00e0ctiques adequada a les seves necessitats.<\/p>\n","protected":false},"excerpt":{"rendered":"<p>En aquesta assignatura, l\u2019estudiant realitza pr\u00e0ctiques presencials en un centre de pr\u00e0ctiques. Aquest centre pot ser una unitat o oficina t\u00e8cnica de qualitat d\u2019institucions i empreses d\u2019educaci\u00f3 de nivell superior, p\u00fabliques o privades, o d\u2019una ag\u00e8ncia de qualitat. Aquestes activitats es basen en la realitzaci\u00f3 d\u2019algunes de les funcions habituals de les organitzacions com, per [&hellip;]<\/p>\n","protected":false},"author":1,"featured_media":0,"parent":0,"menu_order":0,"comment_status":"closed","ping_status":"closed","template":"","meta":[],"_links":{"self":[{"href":"http:\/\/practiques-qes.recursos.uoc.edu\/guia-per-als-estudiants-de-practiques-professionals\/wp-json\/wp\/v2\/pages\/45"}],"collection":[{"href":"http:\/\/practiques-qes.recursos.uoc.edu\/guia-per-als-estudiants-de-practiques-professionals\/wp-json\/wp\/v2\/pages"}],"about":[{"href":"http:\/\/practiques-qes.recursos.uoc.edu\/guia-per-als-estudiants-de-practiques-professionals\/wp-json\/wp\/v2\/types\/page"}],"author":[{"embeddable":true,"href":"http:\/\/practiques-qes.recursos.uoc.edu\/guia-per-als-estudiants-de-practiques-professionals\/wp-json\/wp\/v2\/users\/1"}],"replies":[{"embeddable":true,"href":"http:\/\/practiques-qes.recursos.uoc.edu\/guia-per-als-estudiants-de-practiques-professionals\/wp-json\/wp\/v2\/comments?post=45"}],"version-history":[{"count":11,"href":"http:\/\/practiques-qes.recursos.uoc.edu\/guia-per-als-estudiants-de-practiques-professionals\/wp-json\/wp\/v2\/pages\/45\/revisions"}],"predecessor-version":[{"id":56,"href":"http:\/\/practiques-qes.recursos.uoc.edu\/guia-per-als-estudiants-de-practiques-professionals\/wp-json\/wp\/v2\/pages\/45\/revisions\/56"}],"wp:attachment":[{"href":"http:\/\/practiques-qes.recursos.uoc.edu\/guia-per-als-estudiants-de-practiques-professionals\/wp-json\/wp\/v2\/media?parent=45"}],"curies":[{"name":"wp","href":"https:\/\/api.w.org\/{rel}","templated":true}]}}