{"id":196,"date":"2019-10-09T12:58:05","date_gmt":"2019-10-09T10:58:05","guid":{"rendered":"http:\/\/practiques-qes.recursos.uoc.edu\/guia-per-als-estudiants-de-practiques-professionals\/?page_id=196"},"modified":"2019-10-15T13:01:47","modified_gmt":"2019-10-15T11:01:47","slug":"10-1-listado-de-centros-de-practicas","status":"publish","type":"page","link":"http:\/\/practiques-qes.recursos.uoc.edu\/guia-per-als-estudiants-de-practiques-professionals\/es\/10-1-listado-de-centros-de-practicas\/","title":{"rendered":"10.1. Listado de centros de pr\u00e1cticas"},"content":{"rendered":"<p>&nbsp;<\/p>\n<table width=\"544\">\n<tbody>\n<tr>\n<td width=\"544\">AQU Catalu\u00f1a<\/td>\n<\/tr>\n<tr>\n<td width=\"544\">ACPUA (agencia de calidad de Arag\u00f3n)<\/td>\n<\/tr>\n<tr>\n<td width=\"544\">ACSUCYL (agencia de calidad de Castilla y Le\u00f3n)<\/td>\n<\/tr>\n<tr>\n<td width=\"544\">UNIBASQ (agencia de calidad del Pa\u00eds Vasco)<\/td>\n<\/tr>\n<tr>\n<td width=\"544\">AQUA (agencia de calidad de Andorra)<\/td>\n<\/tr>\n<tr>\n<td width=\"544\">DEVA (agencia de Andaluc\u00eda)<\/td>\n<\/tr>\n<tr>\n<td width=\"544\">AQUIB (agencia de las Islas Baleares)<\/td>\n<\/tr>\n<tr>\n<td width=\"544\">Universitat Oberta de Catalunya (Unidad de calidad)<\/td>\n<\/tr>\n<tr>\n<td width=\"544\">Universitat Aut\u00f2noma de Barcelona (Unidad de calidad)<\/td>\n<\/tr>\n<\/tbody>\n<\/table>\n","protected":false},"excerpt":{"rendered":"<p>&nbsp; AQU Catalu\u00f1a ACPUA (agencia de calidad de Arag\u00f3n) ACSUCYL (agencia de calidad de Castilla y Le\u00f3n) UNIBASQ (agencia de calidad del Pa\u00eds Vasco) AQUA (agencia de calidad de Andorra) DEVA (agencia de Andaluc\u00eda) AQUIB (agencia de las Islas Baleares) Universitat Oberta de Catalunya (Unidad de calidad) Universitat Aut\u00f2noma de Barcelona (Unidad de calidad)<\/p>\n","protected":false},"author":1,"featured_media":0,"parent":0,"menu_order":0,"comment_status":"closed","ping_status":"closed","template":"","meta":[],"_links":{"self":[{"href":"http:\/\/practiques-qes.recursos.uoc.edu\/guia-per-als-estudiants-de-practiques-professionals\/es\/wp-json\/wp\/v2\/pages\/196"}],"collection":[{"href":"http:\/\/practiques-qes.recursos.uoc.edu\/guia-per-als-estudiants-de-practiques-professionals\/es\/wp-json\/wp\/v2\/pages"}],"about":[{"href":"http:\/\/practiques-qes.recursos.uoc.edu\/guia-per-als-estudiants-de-practiques-professionals\/es\/wp-json\/wp\/v2\/types\/page"}],"author":[{"embeddable":true,"href":"http:\/\/practiques-qes.recursos.uoc.edu\/guia-per-als-estudiants-de-practiques-professionals\/es\/wp-json\/wp\/v2\/users\/1"}],"replies":[{"embeddable":true,"href":"http:\/\/practiques-qes.recursos.uoc.edu\/guia-per-als-estudiants-de-practiques-professionals\/es\/wp-json\/wp\/v2\/comments?post=196"}],"version-history":[{"count":2,"href":"http:\/\/practiques-qes.recursos.uoc.edu\/guia-per-als-estudiants-de-practiques-professionals\/es\/wp-json\/wp\/v2\/pages\/196\/revisions"}],"predecessor-version":[{"id":256,"href":"http:\/\/practiques-qes.recursos.uoc.edu\/guia-per-als-estudiants-de-practiques-professionals\/es\/wp-json\/wp\/v2\/pages\/196\/revisions\/256"}],"wp:attachment":[{"href":"http:\/\/practiques-qes.recursos.uoc.edu\/guia-per-als-estudiants-de-practiques-professionals\/es\/wp-json\/wp\/v2\/media?parent=196"}],"curies":[{"name":"wp","href":"https:\/\/api.w.org\/{rel}","templated":true}]}}