{"id":188,"date":"2019-10-08T15:41:07","date_gmt":"2019-10-08T13:41:07","guid":{"rendered":"http:\/\/practiques-qes.recursos.uoc.edu\/guia-per-als-estudiants-de-practiques-professionals\/?page_id=188"},"modified":"2019-10-08T15:41:07","modified_gmt":"2019-10-08T13:41:07","slug":"6-4-competencias-especificas","status":"publish","type":"page","link":"http:\/\/practiques-qes.recursos.uoc.edu\/guia-per-als-estudiants-de-practiques-professionals\/es\/6-4-competencias-especificas\/","title":{"rendered":"6.4. Competencias espec\u00edficas"},"content":{"rendered":"<p><strong>CE3 \u2015<\/strong> Dise\u00f1ar sistemas, metodolog\u00edas e instrumentos de evaluaci\u00f3n de la calidad de instituciones, programas y profesorado que sean sostenibles en el tiempo y en la utilizaci\u00f3n de recursos adecuados, sin detrimento de otros procesos u otras tareas propias de la instituci\u00f3n y las personas, en el \u00e1mbito de la educaci\u00f3n superior.<\/p>\n<p><strong>CE4 \u2015<\/strong> Aplicar, de manera eficaz y precisa, los sistemas de evaluaci\u00f3n de la calidad de instituciones, programas y profesorado: m\u00e9todos, procesos, herramientas, criterios y est\u00e1ndares.<\/p>\n<p><strong>CE6 \u2015<\/strong> Identificar y\/o crear indicadores a partir de informaci\u00f3n cualitativa o cuantitativa, manteniendo un equilibrio entre ambas en el conjunto del sistema.<\/p>\n","protected":false},"excerpt":{"rendered":"<p>CE3 \u2015 Dise\u00f1ar sistemas, metodolog\u00edas e instrumentos de evaluaci\u00f3n de la calidad de instituciones, programas y profesorado que sean sostenibles en el tiempo y en la utilizaci\u00f3n de recursos adecuados, sin detrimento de otros procesos u otras tareas propias de la instituci\u00f3n y las personas, en el \u00e1mbito de la educaci\u00f3n superior. CE4 \u2015 Aplicar, [&hellip;]<\/p>\n","protected":false},"author":1,"featured_media":0,"parent":0,"menu_order":0,"comment_status":"closed","ping_status":"closed","template":"","meta":[],"_links":{"self":[{"href":"http:\/\/practiques-qes.recursos.uoc.edu\/guia-per-als-estudiants-de-practiques-professionals\/es\/wp-json\/wp\/v2\/pages\/188"}],"collection":[{"href":"http:\/\/practiques-qes.recursos.uoc.edu\/guia-per-als-estudiants-de-practiques-professionals\/es\/wp-json\/wp\/v2\/pages"}],"about":[{"href":"http:\/\/practiques-qes.recursos.uoc.edu\/guia-per-als-estudiants-de-practiques-professionals\/es\/wp-json\/wp\/v2\/types\/page"}],"author":[{"embeddable":true,"href":"http:\/\/practiques-qes.recursos.uoc.edu\/guia-per-als-estudiants-de-practiques-professionals\/es\/wp-json\/wp\/v2\/users\/1"}],"replies":[{"embeddable":true,"href":"http:\/\/practiques-qes.recursos.uoc.edu\/guia-per-als-estudiants-de-practiques-professionals\/es\/wp-json\/wp\/v2\/comments?post=188"}],"version-history":[{"count":1,"href":"http:\/\/practiques-qes.recursos.uoc.edu\/guia-per-als-estudiants-de-practiques-professionals\/es\/wp-json\/wp\/v2\/pages\/188\/revisions"}],"predecessor-version":[{"id":189,"href":"http:\/\/practiques-qes.recursos.uoc.edu\/guia-per-als-estudiants-de-practiques-professionals\/es\/wp-json\/wp\/v2\/pages\/188\/revisions\/189"}],"wp:attachment":[{"href":"http:\/\/practiques-qes.recursos.uoc.edu\/guia-per-als-estudiants-de-practiques-professionals\/es\/wp-json\/wp\/v2\/media?parent=188"}],"curies":[{"name":"wp","href":"https:\/\/api.w.org\/{rel}","templated":true}]}}