{"id":180,"date":"2019-10-08T15:38:28","date_gmt":"2019-10-08T13:38:28","guid":{"rendered":"http:\/\/practiques-qes.recursos.uoc.edu\/guia-per-als-estudiants-de-practiques-professionals\/?page_id=180"},"modified":"2019-10-16T09:50:05","modified_gmt":"2019-10-16T07:50:05","slug":"5-criterios-de-reconocimientos-de-experiencia-profesional","status":"publish","type":"page","link":"http:\/\/practiques-qes.recursos.uoc.edu\/guia-per-als-estudiants-de-practiques-professionals\/es\/5-criterios-de-reconocimientos-de-experiencia-profesional\/","title":{"rendered":"5. Convalidaci\u00f3n de la experiencia profesional"},"content":{"rendered":"<p>Este programa de m\u00e1ster podr\u00e1 reconocer hasta un m\u00e1ximo de 6 ECTS por la experiencia profesional previa seg\u00fan lo que recoge la tabla siguiente:<\/p>\n<table width=\"605\">\n<tbody>\n<tr class=\"table-header\">\n<td width=\"183\">Rol profesional<\/td>\n<td width=\"117\">Asignaturas<\/td>\n<td width=\"126\">Requisitos<\/td>\n<td width=\"180\">Documentaci\u00f3n<\/td>\n<\/tr>\n<tr>\n<td width=\"183\">Personal t\u00e9cnico de agencias de calidad.<\/td>\n<td width=\"117\">Pr\u00e1cticas (6 cr).<\/td>\n<td width=\"126\">M\u00ednimo de tres a\u00f1os desarrollando funciones propias.<\/td>\n<td width=\"180\">Vida laboral o equivalente en la que consten los a\u00f1os trabajados y el detalle de las funciones ejercidas.<\/p>\n<p>Autoinforme que justifique las competencias alcanzadas, relacionadas con las pruebas que se aporten.<\/p>\n<p>Gu\u00edas o documentos y recursos publicados en los que haya participado.<\/p>\n<p>Certificado de la agencia, universidad o empresa que especifique las funciones, los \u00e9xitos y la participaci\u00f3n concreta en publicaciones y proyectos.<\/td>\n<\/tr>\n<tr>\n<td width=\"183\">Personal t\u00e9cnico de unidades de calidad de instituciones de educaci\u00f3n superior.<\/td>\n<td width=\"117\">Pr\u00e1cticas (6 cr).<\/td>\n<td width=\"126\">M\u00ednimo de tres a\u00f1os desarrollando funciones propias en universidades o empresas de formaci\u00f3n.<\/td>\n<td width=\"180\">Vida laboral o equivalente en la que consten los a\u00f1os trabajados y el detalle de las funciones ejercidas.<\/p>\n<p>Autoinforme que justifique las competencias logradas, relacionadas con las pruebas que se aporten.<\/p>\n<p>Gu\u00edas o documentos y recursos publicados en los que haya participado.<\/p>\n<p>Certificado de la agencia, universidad o empresa que especifique las funciones, los \u00e9xitos y la participaci\u00f3n concreta en publicaciones y proyectos.<\/td>\n<\/tr>\n<tr>\n<td width=\"183\">Personal t\u00e9cnico de calidad o equivalente de empresas que ofrezcan estudios de nivel de instituciones de educaci\u00f3n superior.<\/p>\n<p>&nbsp;<\/td>\n<td width=\"117\">Pr\u00e1cticas (6 cr).<\/td>\n<td width=\"126\">M\u00ednimo de tres a\u00f1os desarrollando funciones propias.<\/td>\n<td width=\"180\">Vida laboral o equivalente en la que consten los a\u00f1os trabajados y el detalle de las funciones ejercidas.<\/p>\n<p>Autoinforme que justifique las competencias logradas, relacionadas con las pruebas que se aporten.<\/p>\n<p>Gu\u00edas o documentos y recursos publicados en los que haya participado.<\/p>\n<p>Certificado de la agencia, universidad o empresa que especifique las funciones, los \u00e9xitos y la participaci\u00f3n concreta en publicaciones y proyectos.<\/td>\n<\/tr>\n<\/tbody>\n<\/table>\n","protected":false},"excerpt":{"rendered":"<p>Este programa de m\u00e1ster podr\u00e1 reconocer hasta un m\u00e1ximo de 6 ECTS por la experiencia profesional previa seg\u00fan lo que recoge la tabla siguiente: Rol profesional Asignaturas Requisitos Documentaci\u00f3n Personal t\u00e9cnico de agencias de calidad. Pr\u00e1cticas (6 cr). M\u00ednimo de tres a\u00f1os desarrollando funciones propias. Vida laboral o equivalente en la que consten los a\u00f1os [&hellip;]<\/p>\n","protected":false},"author":1,"featured_media":0,"parent":0,"menu_order":0,"comment_status":"closed","ping_status":"closed","template":"","meta":[],"_links":{"self":[{"href":"http:\/\/practiques-qes.recursos.uoc.edu\/guia-per-als-estudiants-de-practiques-professionals\/es\/wp-json\/wp\/v2\/pages\/180"}],"collection":[{"href":"http:\/\/practiques-qes.recursos.uoc.edu\/guia-per-als-estudiants-de-practiques-professionals\/es\/wp-json\/wp\/v2\/pages"}],"about":[{"href":"http:\/\/practiques-qes.recursos.uoc.edu\/guia-per-als-estudiants-de-practiques-professionals\/es\/wp-json\/wp\/v2\/types\/page"}],"author":[{"embeddable":true,"href":"http:\/\/practiques-qes.recursos.uoc.edu\/guia-per-als-estudiants-de-practiques-professionals\/es\/wp-json\/wp\/v2\/users\/1"}],"replies":[{"embeddable":true,"href":"http:\/\/practiques-qes.recursos.uoc.edu\/guia-per-als-estudiants-de-practiques-professionals\/es\/wp-json\/wp\/v2\/comments?post=180"}],"version-history":[{"count":2,"href":"http:\/\/practiques-qes.recursos.uoc.edu\/guia-per-als-estudiants-de-practiques-professionals\/es\/wp-json\/wp\/v2\/pages\/180\/revisions"}],"predecessor-version":[{"id":259,"href":"http:\/\/practiques-qes.recursos.uoc.edu\/guia-per-als-estudiants-de-practiques-professionals\/es\/wp-json\/wp\/v2\/pages\/180\/revisions\/259"}],"wp:attachment":[{"href":"http:\/\/practiques-qes.recursos.uoc.edu\/guia-per-als-estudiants-de-practiques-professionals\/es\/wp-json\/wp\/v2\/media?parent=180"}],"curies":[{"name":"wp","href":"https:\/\/api.w.org\/{rel}","templated":true}]}}