{"id":177,"date":"2019-10-08T15:36:22","date_gmt":"2019-10-08T13:36:22","guid":{"rendered":"http:\/\/practiques-qes.recursos.uoc.edu\/guia-per-als-estudiants-de-practiques-professionals\/?page_id=177"},"modified":"2019-10-08T15:36:22","modified_gmt":"2019-10-08T13:36:22","slug":"4-6-paso-5-cierre-de-las-practicas","status":"publish","type":"page","link":"http:\/\/practiques-qes.recursos.uoc.edu\/guia-per-als-estudiants-de-practiques-professionals\/es\/4-6-paso-5-cierre-de-las-practicas\/","title":{"rendered":"4.6. Paso 5. Cierre de las pr\u00e1cticas"},"content":{"rendered":"<p>El cierre de las pr\u00e1cticas se efect\u00faa dentro del plazo acordado con el centro y siempre durante el semestre lectivo. En este momento se pide al tutor o a la tutora del centro de pr\u00e1cticas que elabore un informe de evaluaci\u00f3n final y el estudiante concluye la actividad lectiva en el aula mediante la compleci\u00f3n de las pruebas de evaluaci\u00f3n continua establecidas.<\/p>\n","protected":false},"excerpt":{"rendered":"<p>El cierre de las pr\u00e1cticas se efect\u00faa dentro del plazo acordado con el centro y siempre durante el semestre lectivo. En este momento se pide al tutor o a la tutora del centro de pr\u00e1cticas que elabore un informe de evaluaci\u00f3n final y el estudiante concluye la actividad lectiva en el aula mediante la compleci\u00f3n [&hellip;]<\/p>\n","protected":false},"author":1,"featured_media":0,"parent":0,"menu_order":0,"comment_status":"closed","ping_status":"closed","template":"","meta":[],"_links":{"self":[{"href":"http:\/\/practiques-qes.recursos.uoc.edu\/guia-per-als-estudiants-de-practiques-professionals\/es\/wp-json\/wp\/v2\/pages\/177"}],"collection":[{"href":"http:\/\/practiques-qes.recursos.uoc.edu\/guia-per-als-estudiants-de-practiques-professionals\/es\/wp-json\/wp\/v2\/pages"}],"about":[{"href":"http:\/\/practiques-qes.recursos.uoc.edu\/guia-per-als-estudiants-de-practiques-professionals\/es\/wp-json\/wp\/v2\/types\/page"}],"author":[{"embeddable":true,"href":"http:\/\/practiques-qes.recursos.uoc.edu\/guia-per-als-estudiants-de-practiques-professionals\/es\/wp-json\/wp\/v2\/users\/1"}],"replies":[{"embeddable":true,"href":"http:\/\/practiques-qes.recursos.uoc.edu\/guia-per-als-estudiants-de-practiques-professionals\/es\/wp-json\/wp\/v2\/comments?post=177"}],"version-history":[{"count":1,"href":"http:\/\/practiques-qes.recursos.uoc.edu\/guia-per-als-estudiants-de-practiques-professionals\/es\/wp-json\/wp\/v2\/pages\/177\/revisions"}],"predecessor-version":[{"id":178,"href":"http:\/\/practiques-qes.recursos.uoc.edu\/guia-per-als-estudiants-de-practiques-professionals\/es\/wp-json\/wp\/v2\/pages\/177\/revisions\/178"}],"wp:attachment":[{"href":"http:\/\/practiques-qes.recursos.uoc.edu\/guia-per-als-estudiants-de-practiques-professionals\/es\/wp-json\/wp\/v2\/media?parent=177"}],"curies":[{"name":"wp","href":"https:\/\/api.w.org\/{rel}","templated":true}]}}