{"id":173,"date":"2019-10-08T15:36:57","date_gmt":"2019-10-08T13:36:57","guid":{"rendered":"http:\/\/practiques-qes.recursos.uoc.edu\/guia-per-als-estudiants-de-practiques-professionals\/?page_id=173"},"modified":"2019-10-08T15:36:57","modified_gmt":"2019-10-08T13:36:57","slug":"4-4-paso-3-asignaciones-proceso-de-seleccion-de-los-estudiantes","status":"publish","type":"page","link":"http:\/\/practiques-qes.recursos.uoc.edu\/guia-per-als-estudiants-de-practiques-professionals\/es\/4-4-paso-3-asignaciones-proceso-de-seleccion-de-los-estudiantes\/","title":{"rendered":"4.4. Paso 3. Asignaciones \/ proceso de selecci\u00f3n de los estudiantes"},"content":{"rendered":"<p>La Comisi\u00f3n de Pr\u00e1cticas es la responsable de validar y asignar un centro de pr\u00e1cticas para cada estudiante, de acuerdo con los criterios establecidos previamente al inicio del semestre lectivo: el expediente acad\u00e9mico y, en caso de empate, la relevancia del curr\u00edculo presentado.<\/p>\n<p>La tutor\u00eda del programa, bajo la coordinaci\u00f3n de la Comisi\u00f3n de Pr\u00e1cticas, acompa\u00f1a a los tutorizados y tutorizadas durante el proceso de solicitud y matriculaci\u00f3n de las pr\u00e1cticas y verifica que realizan la solicitud seg\u00fan los criterios, los procedimientos y en el plazo establecidos.<\/p>\n<p>En este sentido, hay que recordar que la UOC pone a disposici\u00f3n de los alumnos diferentes canales y circuitos de informaci\u00f3n y de comunicaci\u00f3n correspondientes para atender las posibles consultas y resolver las incidencias que se den en el proceso:<\/p>\n<table width=\"574\">\n<tbody>\n<tr class=\"table-header-sec\">\n<td width=\"262\">Servicio de Atenci\u00f3n para los Estudiantes<\/td>\n<td width=\"312\"><strong>Atender consultas sobre la matriculaci\u00f3n y las gestiones acad\u00e9micas<\/strong><\/td>\n<\/tr>\n<tr class=\"table-header\">\n<td width=\"262\">Responsable de la tutor\u00eda del programa<\/td>\n<td width=\"312\">Atender las consultas y orientar a los estudiantes<\/td>\n<\/tr>\n<tr class=\"table-header-sec\">\n<td width=\"262\">Personal docente responsable de la asignatura (PRA)<\/td>\n<td width=\"312\">Atender a los responsables de la tutor\u00eda del programa y los centros de pr\u00e1cticas sobre aspectos acad\u00e9micos durante el desarrollo de las pr\u00e1cticas<\/td>\n<\/tr>\n<tr class=\"table-header\">\n<td width=\"262\">Personal docente colaborador ( PDC)<\/td>\n<td width=\"312\">Atender consultas de los estudiantes durante el desarrollo de las pr\u00e1cticas<\/td>\n<\/tr>\n<tr class=\"table-header-sec\">\n<td width=\"262\">Buz\u00f3n de la Comisi\u00f3n de Pr\u00e1cticas del programa<\/td>\n<td width=\"312\">Atender cualquier otra sugerencia de cualquier interlocutor<\/td>\n<\/tr>\n<\/tbody>\n<\/table>\n<p>Una vez superados estos tr\u00e1mites administrativos, el estudiante tiene dos referentes durante la realizaci\u00f3n efectiva de las pr\u00e1cticas: uno de la organizaci\u00f3n, la tutor\u00eda del centro de pr\u00e1cticas, y otro de la Universidad, el personal docente colaborador. Los dos lo acompa\u00f1an y hacen un seguimiento de su actividad durante el desarrollo de la asignatura.<\/p>\n","protected":false},"excerpt":{"rendered":"<p>La Comisi\u00f3n de Pr\u00e1cticas es la responsable de validar y asignar un centro de pr\u00e1cticas para cada estudiante, de acuerdo con los criterios establecidos previamente al inicio del semestre lectivo: el expediente acad\u00e9mico y, en caso de empate, la relevancia del curr\u00edculo presentado. La tutor\u00eda del programa, bajo la coordinaci\u00f3n de la Comisi\u00f3n de Pr\u00e1cticas, [&hellip;]<\/p>\n","protected":false},"author":1,"featured_media":0,"parent":0,"menu_order":0,"comment_status":"closed","ping_status":"closed","template":"","meta":[],"_links":{"self":[{"href":"http:\/\/practiques-qes.recursos.uoc.edu\/guia-per-als-estudiants-de-practiques-professionals\/es\/wp-json\/wp\/v2\/pages\/173"}],"collection":[{"href":"http:\/\/practiques-qes.recursos.uoc.edu\/guia-per-als-estudiants-de-practiques-professionals\/es\/wp-json\/wp\/v2\/pages"}],"about":[{"href":"http:\/\/practiques-qes.recursos.uoc.edu\/guia-per-als-estudiants-de-practiques-professionals\/es\/wp-json\/wp\/v2\/types\/page"}],"author":[{"embeddable":true,"href":"http:\/\/practiques-qes.recursos.uoc.edu\/guia-per-als-estudiants-de-practiques-professionals\/es\/wp-json\/wp\/v2\/users\/1"}],"replies":[{"embeddable":true,"href":"http:\/\/practiques-qes.recursos.uoc.edu\/guia-per-als-estudiants-de-practiques-professionals\/es\/wp-json\/wp\/v2\/comments?post=173"}],"version-history":[{"count":1,"href":"http:\/\/practiques-qes.recursos.uoc.edu\/guia-per-als-estudiants-de-practiques-professionals\/es\/wp-json\/wp\/v2\/pages\/173\/revisions"}],"predecessor-version":[{"id":174,"href":"http:\/\/practiques-qes.recursos.uoc.edu\/guia-per-als-estudiants-de-practiques-professionals\/es\/wp-json\/wp\/v2\/pages\/173\/revisions\/174"}],"wp:attachment":[{"href":"http:\/\/practiques-qes.recursos.uoc.edu\/guia-per-als-estudiants-de-practiques-professionals\/es\/wp-json\/wp\/v2\/media?parent=173"}],"curies":[{"name":"wp","href":"https:\/\/api.w.org\/{rel}","templated":true}]}}