{"id":168,"date":"2019-10-08T15:36:56","date_gmt":"2019-10-08T13:36:56","guid":{"rendered":"http:\/\/practiques-qes.recursos.uoc.edu\/guia-per-als-estudiants-de-practiques-professionals\/?page_id=168"},"modified":"2019-10-08T15:36:56","modified_gmt":"2019-10-08T13:36:56","slug":"4-3-paso-2-inscripcion-a-la-convocatoria-y-solicitud-de-ofertas","status":"publish","type":"page","link":"http:\/\/practiques-qes.recursos.uoc.edu\/guia-per-als-estudiants-de-practiques-professionals\/es\/4-3-paso-2-inscripcion-a-la-convocatoria-y-solicitud-de-ofertas\/","title":{"rendered":"4.3. Paso 2. Inscripci\u00f3n a la convocatoria y solicitud de ofertas"},"content":{"rendered":"<p>En primer lugar, tanto si ya dispon\u00e9is de una empresa donde pod\u00e9is hacer las pr\u00e1cticas como si todav\u00eda no ten\u00e9is ning\u00fan contacto pero est\u00e1is interesados en cursar la asignatura Pr\u00e1cticas, deb\u00e9is acceder a la herramienta Experience e inscribiros en la convocatoria de Pr\u00e1cticas curriculares del m\u00e1ster.<\/p>\n<p>Una vez os hay\u00e1is inscrito, dentro de la convocatoria encontrar\u00e9is las ofertas de pr\u00e1cticas concretas publicadas por centros y empresas a las cuales pod\u00e9is optar. Seleccionad las que os interesen y priorizadlas seg\u00fan vuestro inter\u00e9s.<\/p>\n<p>Ten\u00e9is que seguir el calendario de apertura y de cierre de la convocatoria de pr\u00e1cticas y los procedimientos establecidos para poder realizar las pr\u00e1cticas el semestre siguiente.<\/p>\n<p>Este calendario se revisa cada semestre y se hace p\u00fablico en el espacio de Tr\u00e1mites de Campus y tambi\u00e9n por medio de la tutor\u00eda del programa. <strong>Si segu\u00eds el calendario, al finalizar este plazo, deb\u00e9is tener una plaza de pr\u00e1cticas asignada<\/strong>. En caso contrario, si no se siguen el calendario y los procedimientos establecidos, no se puede garantizar una plaza de pr\u00e1cticas.<\/p>\n","protected":false},"excerpt":{"rendered":"<p>En primer lugar, tanto si ya dispon\u00e9is de una empresa donde pod\u00e9is hacer las pr\u00e1cticas como si todav\u00eda no ten\u00e9is ning\u00fan contacto pero est\u00e1is interesados en cursar la asignatura Pr\u00e1cticas, deb\u00e9is acceder a la herramienta Experience e inscribiros en la convocatoria de Pr\u00e1cticas curriculares del m\u00e1ster. Una vez os hay\u00e1is inscrito, dentro de la convocatoria [&hellip;]<\/p>\n","protected":false},"author":1,"featured_media":0,"parent":0,"menu_order":0,"comment_status":"closed","ping_status":"closed","template":"","meta":[],"_links":{"self":[{"href":"http:\/\/practiques-qes.recursos.uoc.edu\/guia-per-als-estudiants-de-practiques-professionals\/es\/wp-json\/wp\/v2\/pages\/168"}],"collection":[{"href":"http:\/\/practiques-qes.recursos.uoc.edu\/guia-per-als-estudiants-de-practiques-professionals\/es\/wp-json\/wp\/v2\/pages"}],"about":[{"href":"http:\/\/practiques-qes.recursos.uoc.edu\/guia-per-als-estudiants-de-practiques-professionals\/es\/wp-json\/wp\/v2\/types\/page"}],"author":[{"embeddable":true,"href":"http:\/\/practiques-qes.recursos.uoc.edu\/guia-per-als-estudiants-de-practiques-professionals\/es\/wp-json\/wp\/v2\/users\/1"}],"replies":[{"embeddable":true,"href":"http:\/\/practiques-qes.recursos.uoc.edu\/guia-per-als-estudiants-de-practiques-professionals\/es\/wp-json\/wp\/v2\/comments?post=168"}],"version-history":[{"count":2,"href":"http:\/\/practiques-qes.recursos.uoc.edu\/guia-per-als-estudiants-de-practiques-professionals\/es\/wp-json\/wp\/v2\/pages\/168\/revisions"}],"predecessor-version":[{"id":172,"href":"http:\/\/practiques-qes.recursos.uoc.edu\/guia-per-als-estudiants-de-practiques-professionals\/es\/wp-json\/wp\/v2\/pages\/168\/revisions\/172"}],"wp:attachment":[{"href":"http:\/\/practiques-qes.recursos.uoc.edu\/guia-per-als-estudiants-de-practiques-professionals\/es\/wp-json\/wp\/v2\/media?parent=168"}],"curies":[{"name":"wp","href":"https:\/\/api.w.org\/{rel}","templated":true}]}}