{"id":166,"date":"2019-10-08T15:36:56","date_gmt":"2019-10-08T13:36:56","guid":{"rendered":"http:\/\/practiques-qes.recursos.uoc.edu\/guia-per-als-estudiants-de-practiques-professionals\/?page_id=166"},"modified":"2019-10-15T13:08:21","modified_gmt":"2019-10-15T11:08:21","slug":"4-2-paso-1-requisitos-academicos-y-pasos-previos","status":"publish","type":"page","link":"http:\/\/practiques-qes.recursos.uoc.edu\/guia-per-als-estudiants-de-practiques-professionals\/es\/4-2-paso-1-requisitos-academicos-y-pasos-previos\/","title":{"rendered":"4.2. Paso 1. Requisitos acad\u00e9micos y pasos previos"},"content":{"rendered":"<p>Para cursar la asignatura se tienen que haber logrado 12 cr\u00e9ditos ECTS de asignaturas obligatorias del m\u00e1ster. No hacen falta conocimientos previos para cursar las pr\u00e1cticas externas, si bien es recomendable haber cursado las siguientes asignaturas:<\/p>\n<ol>\n<li>Procesos y metodolog\u00edas de evaluaci\u00f3n externa<\/li>\n<li>Sistemas de gesti\u00f3n interna de la calidad<\/li>\n<li>Las evidencias y los indicadores: identificaci\u00f3n, naturaleza y fuentes<\/li>\n<\/ol>\n<p>Antes de empezar el proceso de solicitud de pr\u00e1cticas es importante que contact\u00e9is con el tutor o la tutora del m\u00e1ster, que es la persona que os orienta en el proceso que deb\u00e9is seguir para solicitar una plaza de pr\u00e1cticas y que os ayuda a validar si cumpl\u00eds los requisitos para presentar la solicitud correspondiente.<\/p>\n<p>Para obtener una plaza de pr\u00e1cticas presencial hay dos posibilidades:<\/p>\n<ul>\n<li style=\"padding-bottom: 1em;\"><strong>Acceder a las ofertas de plazas que propone la UOC<\/strong>. Buscar en la herramienta Experience las ofertas disponibles publicadas en la convocatoria de pr\u00e1cticas del m\u00e1ster y presentar vuestra candidatura a un m\u00e1ximo de tres opciones. En este caso es importante que teng\u00e1is un curr\u00edculo actualizado que destaque todos vuestros conocimientos, competencias, habilidades y experiencias formativas y profesionales previas.<\/li>\n<li><strong>Proponer un centro de pr\u00e1cticas<\/strong>. En este caso, el centro de pr\u00e1cticas se debe dar de alta en la herramienta Experience y crear una oferta. El estudiante se ha de asignar como persona candidata de la plaza creada indicando su nombre. En caso de querer buscar vosotros mismos la empresa o la organizaci\u00f3n donde har\u00e9is las pr\u00e1cticas, os recomendamos que envi\u00e9is una <a href=\"http:\/\/cv.uoc.edu\/estudiant\/_resources\/docs\/tramits\/practiques\/logistica\/carta_presentacio_logistica.pdf\" target=\"_blank\" rel=\"noopener noreferrer\">carta de presentaci\u00f3n<\/a>. En el apartado \u00abAnexos\u00bb encontrar\u00e9is un modelo que explica en qu\u00e9 consiste el desarrollo de las pr\u00e1cticas e informaci\u00f3n que puede ser interesante para la instituci\u00f3n o la empresa de formaci\u00f3n de nivel superior o para la agencia de calidad que quer\u00e9is proponer.<\/li>\n<\/ul>\n","protected":false},"excerpt":{"rendered":"<p>Para cursar la asignatura se tienen que haber logrado 12 cr\u00e9ditos ECTS de asignaturas obligatorias del m\u00e1ster. No hacen falta conocimientos previos para cursar las pr\u00e1cticas externas, si bien es recomendable haber cursado las siguientes asignaturas: Procesos y metodolog\u00edas de evaluaci\u00f3n externa Sistemas de gesti\u00f3n interna de la calidad Las evidencias y los indicadores: identificaci\u00f3n, [&hellip;]<\/p>\n","protected":false},"author":1,"featured_media":0,"parent":0,"menu_order":0,"comment_status":"closed","ping_status":"closed","template":"","meta":[],"_links":{"self":[{"href":"http:\/\/practiques-qes.recursos.uoc.edu\/guia-per-als-estudiants-de-practiques-professionals\/es\/wp-json\/wp\/v2\/pages\/166"}],"collection":[{"href":"http:\/\/practiques-qes.recursos.uoc.edu\/guia-per-als-estudiants-de-practiques-professionals\/es\/wp-json\/wp\/v2\/pages"}],"about":[{"href":"http:\/\/practiques-qes.recursos.uoc.edu\/guia-per-als-estudiants-de-practiques-professionals\/es\/wp-json\/wp\/v2\/types\/page"}],"author":[{"embeddable":true,"href":"http:\/\/practiques-qes.recursos.uoc.edu\/guia-per-als-estudiants-de-practiques-professionals\/es\/wp-json\/wp\/v2\/users\/1"}],"replies":[{"embeddable":true,"href":"http:\/\/practiques-qes.recursos.uoc.edu\/guia-per-als-estudiants-de-practiques-professionals\/es\/wp-json\/wp\/v2\/comments?post=166"}],"version-history":[{"count":3,"href":"http:\/\/practiques-qes.recursos.uoc.edu\/guia-per-als-estudiants-de-practiques-professionals\/es\/wp-json\/wp\/v2\/pages\/166\/revisions"}],"predecessor-version":[{"id":258,"href":"http:\/\/practiques-qes.recursos.uoc.edu\/guia-per-als-estudiants-de-practiques-professionals\/es\/wp-json\/wp\/v2\/pages\/166\/revisions\/258"}],"wp:attachment":[{"href":"http:\/\/practiques-qes.recursos.uoc.edu\/guia-per-als-estudiants-de-practiques-professionals\/es\/wp-json\/wp\/v2\/media?parent=166"}],"curies":[{"name":"wp","href":"https:\/\/api.w.org\/{rel}","templated":true}]}}