{"id":164,"date":"2019-10-08T15:36:55","date_gmt":"2019-10-08T13:36:55","guid":{"rendered":"http:\/\/practiques-qes.recursos.uoc.edu\/guia-per-als-estudiants-de-practiques-professionals\/?page_id=164"},"modified":"2019-10-08T15:36:55","modified_gmt":"2019-10-08T13:36:55","slug":"4-1-introduccion","status":"publish","type":"page","link":"http:\/\/practiques-qes.recursos.uoc.edu\/guia-per-als-estudiants-de-practiques-professionals\/es\/4-1-introduccion\/","title":{"rendered":"4.1. Introducci\u00f3n"},"content":{"rendered":"<p>En esta asignatura, el estudiante realiza pr\u00e1cticas <strong>presenciales en un centro de pr\u00e1cticas<\/strong>. Este centro puede ser una unidad u oficina t\u00e9cnica de calidad de instituciones y empresas de educaci\u00f3n de nivel superior, p\u00fablicas o privadas, o de una agencia de calidad. Estas actividades se basan en la realizaci\u00f3n de algunas de las funciones habituales de las organizaciones como, por ejemplo, la elaboraci\u00f3n de informes, el an\u00e1lisis de procesos de evaluaci\u00f3n externa o interna, la interpretaci\u00f3n de los indicadores por medio de los datos cuantitativos y cualitativos que los sustentan, entre otros.<\/p>\n<p>Desde cada programa se vela por que todos los estudiantes independientemente de su lugar de residencia y situaci\u00f3n personal encuentren una opci\u00f3n o modalidad de pr\u00e1cticas adecuada a sus necesidades.<\/p>\n","protected":false},"excerpt":{"rendered":"<p>En esta asignatura, el estudiante realiza pr\u00e1cticas presenciales en un centro de pr\u00e1cticas. Este centro puede ser una unidad u oficina t\u00e9cnica de calidad de instituciones y empresas de educaci\u00f3n de nivel superior, p\u00fablicas o privadas, o de una agencia de calidad. Estas actividades se basan en la realizaci\u00f3n de algunas de las funciones habituales [&hellip;]<\/p>\n","protected":false},"author":1,"featured_media":0,"parent":0,"menu_order":0,"comment_status":"closed","ping_status":"closed","template":"","meta":[],"_links":{"self":[{"href":"http:\/\/practiques-qes.recursos.uoc.edu\/guia-per-als-estudiants-de-practiques-professionals\/es\/wp-json\/wp\/v2\/pages\/164"}],"collection":[{"href":"http:\/\/practiques-qes.recursos.uoc.edu\/guia-per-als-estudiants-de-practiques-professionals\/es\/wp-json\/wp\/v2\/pages"}],"about":[{"href":"http:\/\/practiques-qes.recursos.uoc.edu\/guia-per-als-estudiants-de-practiques-professionals\/es\/wp-json\/wp\/v2\/types\/page"}],"author":[{"embeddable":true,"href":"http:\/\/practiques-qes.recursos.uoc.edu\/guia-per-als-estudiants-de-practiques-professionals\/es\/wp-json\/wp\/v2\/users\/1"}],"replies":[{"embeddable":true,"href":"http:\/\/practiques-qes.recursos.uoc.edu\/guia-per-als-estudiants-de-practiques-professionals\/es\/wp-json\/wp\/v2\/comments?post=164"}],"version-history":[{"count":2,"href":"http:\/\/practiques-qes.recursos.uoc.edu\/guia-per-als-estudiants-de-practiques-professionals\/es\/wp-json\/wp\/v2\/pages\/164\/revisions"}],"predecessor-version":[{"id":171,"href":"http:\/\/practiques-qes.recursos.uoc.edu\/guia-per-als-estudiants-de-practiques-professionals\/es\/wp-json\/wp\/v2\/pages\/164\/revisions\/171"}],"wp:attachment":[{"href":"http:\/\/practiques-qes.recursos.uoc.edu\/guia-per-als-estudiants-de-practiques-professionals\/es\/wp-json\/wp\/v2\/media?parent=164"}],"curies":[{"name":"wp","href":"https:\/\/api.w.org\/{rel}","templated":true}]}}